{"id":2689,"date":"2023-07-06T13:32:19","date_gmt":"2023-07-06T17:32:19","guid":{"rendered":"https:\/\/www.biosyent.com\/vie-privee\/"},"modified":"2024-06-12T08:55:02","modified_gmt":"2024-06-12T12:55:02","slug":"vie-privee","status":"publish","type":"page","link":"https:\/\/www.biosyent.com\/fr\/vie-privee\/","title":{"rendered":"Vie priv\u00e9e"},"content":{"rendered":"<div class=\"wpb-content-wrapper\"><p>[vc_row css=\u00a0\u00bb.vc_custom_1688650338427{margin-top: 90px !important;}\u00a0\u00bb][vc_column width=\u00a0\u00bb1\/6&Prime;][\/vc_column][vc_column width=\u00a0\u00bb2\/3&Prime;][vc_column_text]<\/p>\n<h2>D\u00e9claration de confidentialit\u00e9 de BioSyent<\/h2>\n<p class=\"s3\"><span class=\"s2\"><strong>Clause de non-responsabilit\u00e9 g\u00e9n\u00e9rale<\/strong> <\/span><\/p>\n<p class=\"s3\"><span class=\"s4\">Ce site web est uniquement destin\u00e9 \u00e0 des fins d&rsquo;information, et les informations, y compris les pr\u00e9sents termes et conditions <\/span><span class=\"s4\">et notre politique de confidentialit\u00e9 <\/span><span class=\"s4\">sont sujettes \u00e0<\/span> <span class=\"s4\">changer <\/span><span class=\"s4\">\u00e0 tout moment et <\/span><span class=\"s4\">\u00e0 tout moment et sans pr\u00e9avis.<\/span><span class=\"s4\">  Toute modification ou mise \u00e0 jour entrera en vigueur d\u00e8s sa publication sur ce site web. B<\/span><span class=\"s4\">En acc\u00e9dant \u00e0 ce site web et en l&rsquo;utilisant, vous acceptez d&rsquo;\u00eatre li\u00e9 par les termes et conditions suivants<\/span><span class=\"s4\">notre politique de <\/span><span class=\"s4\">politique<\/span><span class=\"s4\"> et toutes les lois applicables.<\/span><span class=\"s4\"> Si vous n&rsquo;acceptez pas ces conditions, veuillez quitter ce site imm\u00e9diatement.<\/span><\/p>\n<p class=\"s3\"><strong><span class=\"s5\">D\u00e9clarations prospectives<\/span><\/strong><\/p>\n<p class=\"s3\"><span class=\"s4\">Ce site web peut contenir des d\u00e9clarations prospectives. D\u00e9clarations prospectives<\/span><span class=\"s4\">  comprennent, sans s&rsquo;y limiter, des d\u00e9clarations concernant les objectifs futurs de BioSyent Inc., les strat\u00e9gies pour atteindre ces objectifs, ainsi que des d\u00e9clarations concernant les croyances, les plans, les estimations et les intentions de la direction, et des d\u00e9clarations similaires concernant des \u00e9v\u00e9nements, des r\u00e9sultats, des circonstances, des performances ou des attentes futurs anticip\u00e9s qui ne sont pas des faits historiques. Les d\u00e9clarations prospectives sont g\u00e9n\u00e9ralement,<\/span><span class=\"s4\">  sans limitation, peut contenir les \u00e9l\u00e9ments suivants<\/span><span class=\"s4\">mots  <\/span><span class=\"s4\">\u00ab\u00a0<\/span><span class=\"s4\">croit<\/span><span class=\"s4\">\u00ab\u00a0<\/span><span class=\"s4\">,  <\/span><span class=\"s4\">\u00ab\u00a0peut\u00a0\u00bb, \u00ab\u00a0va\u00a0\u00bb, \u00ab\u00a0perspectives\u00a0\u00bb, \u00ab\u00a0<\/span><span class=\"s4\">s&rsquo;attend \u00e0<\/span><span class=\"s4\">\u00ab\u00a0<\/span><span class=\"s4\">,  <\/span><span class=\"s4\">\u00ab\u00a0<\/span><span class=\"s4\">anticipe<\/span><span class=\"s4\">\u00ab\u00a0<\/span><span class=\"s4\">,  <\/span><span class=\"s4\">\u00ab\u00a0<\/span><span class=\"s4\">estimer<\/span><span class=\"s4\">s\u00a0\u00bb<\/span><span class=\"s4\">,  <\/span><span class=\"s4\">\u00ab\u00a0<\/span><span class=\"s4\">entendent<\/span><span class=\"s4\">\u00ab\u00a0<\/span><span class=\"s4\">,  <\/span><span class=\"s4\">\u00ab\u00a0<\/span><span class=\"s4\">plans<\/span><span class=\"s4\">\u00ab\u00a0<\/span><span class=\"s4\">,<\/span><span class=\"s4\">  ou \u00ab\u00a0continue\u00a0\u00bb,<\/span><span class=\"s4\">  ou des expressions similaires<\/span><span class=\"s4\">.  <\/span><span class=\"s4\">Les d\u00e9clarations prospectives sont<\/span> <span class=\"s4\">ne sont pas des garanties de r\u00e9sultats futurs.<\/span><span class=\"s4\">performance. Ils comportent des risques, des incertitudes et des hypoth\u00e8ses, et les r\u00e9sultats r\u00e9els de BioSyent Inc. ne sont pas n\u00e9cessairement ceux que l&rsquo;on attend d&rsquo;eux.<\/span> <span class=\"s4\">Les r\u00e9sultats pourraient diff\u00e9rer mat\u00e9riellement de ceux anticip\u00e9s. Les d\u00e9clarations prospectives sont fond\u00e9es sur les opinions et<\/span><span class=\"s4\">les estimations de la direction \u00e0 la date \u00e0 laquelle les d\u00e9clarations sont faites, et sont soumises \u00e0 une s\u00e9rie de risques, d&rsquo;incertitudes et<\/span> <span class=\"s4\">d&rsquo;autres facteurs qui pourraient faire en sorte que les \u00e9v\u00e9nements ou les r\u00e9sultats r\u00e9els diff\u00e8rent mat\u00e9riellement de ceux pr\u00e9vus dans les \u00e9nonc\u00e9s prospectifs, et que les r\u00e9sultats r\u00e9els diff\u00e8rent mat\u00e9riellement de ceux pr\u00e9vus dans les \u00e9nonc\u00e9s prospectifs.<\/span> <span class=\"s4\">d\u00e9clarations. Dans le contexte de toute information prospective, veuillez vous r\u00e9f\u00e9rer aux facteurs de risque d\u00e9taill\u00e9s dans le pr\u00e9sent document, ainsi qu&rsquo;\u00e0 d&rsquo;autres sources d&rsquo;information.<\/span> <span class=\"s4\">les informations contenues dans les documents d\u00e9pos\u00e9s par BioSyent Inc. aupr\u00e8s des autorit\u00e9s canadiennes de r\u00e9glementation des valeurs mobili\u00e8res (www.sedar.com). Nous recherchons la s\u00e9curit\u00e9<\/span> <span class=\"s4\">Le port.<\/span><\/p>\n<p class=\"s3\"><strong><span class=\"s5\">R\u00e9f\u00e9rences et liens de tiers<\/span><\/strong><\/p>\n<p class=\"s3\"><span class=\"s4\">R\u00e9f\u00e9rences <\/span><span class=\"s4\">et liens sur<\/span><span class=\"s4\"> ce <\/span><span class=\"s4\">sites<\/span><span class=\"s4\">ite <\/span><span class=\"s4\">vers des sites Web de tiers sur lesquels BioSyent Inc. n&rsquo;a aucun contr\u00f4le <\/span><span class=\"s4\">n&rsquo;a aucun contr\u00f4le, ne sont pas des approbations ou des endossements de ces sites. <\/span><span class=\"s4\">sites<\/span><span class=\"s4\">de ces sites, des tiers qui y sont nomm\u00e9s ou de leurs produits et services.<\/span><span class=\"s4\">  annonc\u00e9s ou propos\u00e9s par le biais du site web ou de tout site web ou service li\u00e9 par un hyperlien, ou figurant dans toute banni\u00e8re ou autre publicit\u00e9. BioSyent Inc. n&rsquo;adopte pas, n&rsquo;approuve pas, n&rsquo;\u00e9met pas d&rsquo;opinion et ne fait aucune d\u00e9claration quant \u00e0 la v\u00e9racit\u00e9, l&rsquo;exactitude ou tout autre aspect des informations contenues dans ces sites Web,  <\/span><span class=\"s4\">et aucune responsabilit\u00e9 n&rsquo;est assum\u00e9e en cas d&rsquo;incompatibilit\u00e9, d&rsquo;inadaptation, d&rsquo;infection virale, de vers, de chevaux de Troie ou d&rsquo;autres \u00e9l\u00e9ments destructeurs\/perturbateurs sur ou \u00e0 partir de ces sites web. <\/span><span class=\"s4\">sites<\/span><span class=\"s4\">sites<\/span><span class=\"s4\">. Si vous acc\u00e9dez \u00e0 l&rsquo;un des sites de tiers  <\/span><span class=\"s4\">web<\/span><span class=\"s4\">sites li\u00e9s \u00e0 ce site <\/span><span class=\"s4\">sites<\/span><span class=\"s4\">ite, vous le faites \u00e0 vos propres risques.<\/span><\/p>\n<p class=\"s3\"><strong><span class=\"s5\">Clause de non-responsabilit\u00e9<\/span><\/strong><\/p>\n<p class=\"s3\"><span class=\"s4\">Ceci <\/span><span class=\"s4\">web<\/span><span class=\"s4\">est fourni \u00ab\u00a0en l&rsquo;\u00e9tat\u00a0\u00bb et \u00ab\u00a0selon les disponibilit\u00e9s\u00a0\u00bb.<\/span><span class=\"s4\">. L&rsquo;utilisation de ce site web se fait \u00e0 vos propres risques. Les  <\/span><span class=\"s4\">sites web<\/span><span class=\"s4\">ite est fourni<\/span><span class=\"s4\">  sans aucune repr\u00e9sentation, garantie ou condition de quelque nature que ce soit.<\/span> <span class=\"s4\">de quelque nature que ce soit, qu&rsquo;ils soient explicites ou implicites, et<\/span> <span class=\"s4\">y compris, mais sans s&rsquo;y limiter, les d\u00e9clarations, garanties ou conditions implicites de<\/span><span class=\"s4\">le titre, la non-violation, la qualit\u00e9 marchande, l&rsquo;ad\u00e9quation \u00e0 un usage particulier, la performance, la durabilit\u00e9, la disponibilit\u00e9, l&rsquo;actualit\u00e9,<\/span> <span class=\"s4\">BioSyent Inc. d\u00e9cline par la pr\u00e9sente toute responsabilit\u00e9 quant \u00e0 l&rsquo;exactitude, la pr\u00e9cision ou l&rsquo;exhaustivit\u00e9 de ces informations, dans toute la mesure permise par la loi.<\/span> <span class=\"s4\">I<\/span><span class=\"s4\">En aucun cas  <\/span><span class=\"s4\">BioSyent<\/span> <span class=\"s4\">Inc.<\/span><span class=\"s4\">, son<\/span><span class=\"s4\">  actionnaires,<\/span><span class=\"s4\">  agents, administrateurs, dirigeants, employ\u00e9s, fournisseurs ou conc\u00e9dants de licence  <\/span><span class=\"s4\">ne soit en aucun cas responsable \u00e0 votre \u00e9gard ou \u00e0 l&rsquo;\u00e9gard de toute autre personne, de quelque mani\u00e8re que ce soit, de toute perte ou de tout dommage<\/span> <span class=\"s4\">(directes, indirectes, sp\u00e9ciales, \u00e9conomiques, accessoires, cons\u00e9cutives, punitives ou exemplaires, y compris, mais sans s&rsquo;y limiter, la perte de<\/span> <span class=\"s4\">les revenus, les donn\u00e9es, les b\u00e9n\u00e9fices anticip\u00e9s ou la perte d&rsquo;activit\u00e9<\/span><span class=\"s4\">pertes de goodwill ou d&rsquo;autres immobilisations incorporelles<\/span><span class=\"s4\">) en ce qui concerne  <\/span><span class=\"s4\">les  <\/span><span class=\"s4\">l&rsquo;utilisation ou l&rsquo;incapacit\u00e9 d&rsquo;utilisation, ou la confiance accord\u00e9e \u00e0 ce document.  <\/span><span class=\"s4\">sites web<\/span><span class=\"s4\">ite,<\/span> <span class=\"s4\">de son contenu ou de ses liens (y compris, mais sans s&rsquo;y limiter, toute<\/span><span class=\"s4\">  erreurs,<\/span> <span class=\"s4\">les omissions,  <\/span><span class=\"s4\">inexactitudes<\/span><span class=\"s4\">interruption<\/span><span class=\"s4\">s<\/span><span class=\"s4\">, suppression<\/span><span class=\"s4\">s<\/span><span class=\"s4\">, d\u00e9faut<\/span><span class=\"s4\">s<\/span><span class=\"s4\">, retard<\/span><span class=\"s4\">s<\/span><span class=\"s4\">  en fonctionnement ou en transmission  <\/span><span class=\"s4\">ou<\/span><span class=\"s4\">  ordinateur<\/span><span class=\"s4\">  virus<\/span><span class=\"s4\">),  <\/span><span class=\"s4\">tout piratage, toute alt\u00e9ration ou tout autre acc\u00e8s ou utilisation non autoris\u00e9 du pr\u00e9sent document.  <\/span><span class=\"s4\">sites web<\/span><span class=\"s4\">ite ou les informations qu&rsquo;il contient,  <\/span><span class=\"s4\">ou tout navigateur Web ou autre<\/span> <span class=\"s4\">l&rsquo;\u00e9quipement.<\/span><\/p>\n<p class=\"s3\"><strong><span class=\"s5\">Indemnit\u00e9<\/span><\/strong><\/p>\n<p class=\"s3\"><span class=\"s4\">Vous vous engagez \u00e0  <\/span><span class=\"s4\">d\u00e9fendre,  <\/span><span class=\"s4\">d&rsquo;indemniser et de d\u00e9gager de toute responsabilit\u00e9 BioSyent Inc. et ses  <\/span><span class=\"s4\">actionnaires,  <\/span><span class=\"s4\">des agents,<\/span><span class=\"s4\">  les conc\u00e9dants de licence, les gestionnaires et<\/span><span class=\"s4\">  fournisseurs et leurs administrateurs, dirigeants<\/span><span class=\"s4\">les employ\u00e9s, les contractants et les agents  <\/span><span class=\"s4\">de et contre toute action, proc\u00e9dure, frais<\/span><span class=\"s4\">  ou de la dette<\/span><span class=\"s4\">les r\u00e9clamations, les responsabilit\u00e9s, les dommages<\/span><span class=\"s4\">obligations, pertes<\/span><span class=\"s4\">  et les d\u00e9penses<\/span> <span class=\"s4\">(<\/span><span class=\"s4\">y compris, mais sans s&rsquo;y limiter,<\/span><span class=\"s4\">  les frais de justice raisonnables) d\u00e9coulant de ou en rapport avec<\/span><span class=\"s4\">avec<\/span><span class=\"s4\">: (<\/span><span class=\"s4\">i<\/span><span class=\"s4\">) l&rsquo;utilisation et l&rsquo;acc\u00e8s au pr\u00e9sent  <\/span><span class=\"s4\">sites web<\/span><span class=\"s4\">ite, y compris toute donn\u00e9e ou tout contenu transmis ou re\u00e7u par vous ; (ii) votre violation de tout terme ou condition, y compris, mais sans s&rsquo;y limiter, votre violation de l&rsquo;un quelconque des termes et conditions de l&rsquo;accord.  <\/span><span class=\"s4\">les d\u00e9clarations et garanties d\u00e9crites dans le pr\u00e9sent document ; (iii) votre violation des droits d&rsquo;un tiers, y compris, mais sans s&rsquo;y limiter, les droits \u00e0 la vie priv\u00e9e, les droits de publicit\u00e9 ou les droits de propri\u00e9t\u00e9 intellectuelle ; ou (iv) votre violation d&rsquo;une loi, d&rsquo;une r\u00e8gle ou d&rsquo;un r\u00e8glement du Canada ou de tout autre pays.  <\/span><\/p>\n<p class=\"s3\"><span class=\"s2\"><strong>Prix de l&rsquo;action<\/strong> <\/span><\/p>\n<p class=\"s3\"><span class=\"s4\">Toutes les cotes sont retard\u00e9es d&rsquo;au moins 15 minutes, sauf indication contraire, et sont consid\u00e9r\u00e9es comme exactes, mais ne sont pas garanties par la TMX ou BioSyent Inc. Les investisseurs potentiels doivent obtenir des informations et des conseils ind\u00e9pendants de la part de professionnels qualifi\u00e9s avant de se lancer dans un projet d&rsquo;investissement.<\/span> <span class=\"s4\">investissement. Rien sur ce site Web ne doit \u00eatre interpr\u00e9t\u00e9 comme une offre ou une invitation \u00e0 n\u00e9gocier des titres de BioSyent Inc.<\/span><\/p>\n<p class=\"s3\"><strong><span class=\"s2\">Propri\u00e9t\u00e9 intellectuelle<\/span><\/strong><\/p>\n<p class=\"s3\"><span class=\"s4\">BioSyent Inc. conserve tous les droits d&rsquo;auteur et autres droits de propri\u00e9t\u00e9 sur le contenu de ce site Web.  <\/span><\/p>\n<p class=\"s3\"><strong><span class=\"s5\">Transferts d&rsquo;informations au-del\u00e0 des fronti\u00e8res internationales<\/span><\/strong><\/p>\n<p class=\"s3\"><span class=\"s4\">Comme l&rsquo;Internet est un r\u00e9seau mondial, si vous visitez ce site web <\/span><span class=\"s4\">site<\/span><span class=\"s4\">depuis l&rsquo;\u00e9tranger<\/span><span class=\"s4\">,<\/span><span class=\"s4\"> votre visite entra\u00eenera n\u00e9cessairement l&rsquo;affichage d&rsquo;un message d&rsquo;erreur sur le site.<\/span> <span class=\"s4\">le transfert d&rsquo;informations \u00e0 travers les fronti\u00e8res internationales. En visitant ce site  <\/span><span class=\"s4\">site web<\/span><span class=\"s4\">et en communiquant avec nous par voie \u00e9lectronique, vous<\/span> <span class=\"s4\">vous consentez \u00e0 ces transferts.<\/span><\/p>\n<p class=\"s3\"><strong><span class=\"s5\">Courrier \u00e9lectronique sur Internet<\/span><\/strong><\/p>\n<p class=\"s3\"><span class=\"s4\">Le courrier \u00e9lectronique sur Internet n&rsquo;est pas un moyen de communication s\u00fbr et la confidentialit\u00e9 ne peut \u00eatre garantie. BioSyent Inc. ne sera pas responsable de<\/span> <span class=\"s4\">tout pr\u00e9judice ou dommage que vous pourriez subir ou encourir en envoyant des informations personnelles ou confidentielles \u00e0 BioSyent Inc. sur l&rsquo;Internet par courrier \u00e9lectronique ou si nous envoyons ces informations par courrier \u00e9lectronique.<\/span> <span class=\"s4\">Internet par courrier \u00e9lectronique ou si nous vous envoyons de telles informations<\/span><span class=\"s4\"> \u00e0 vous<\/span><span class=\"s4\">  \u00e0 votre demande. Veuillez vous r\u00e9f\u00e9rer \u00e0 la politique de confidentialit\u00e9 de BioSyent Inc. pour les informations suivantes<\/span> <span class=\"s4\">plus d&rsquo;informations.<\/span><\/p>\n<p class=\"s3\"><strong><span class=\"s5\">Vie priv\u00e9e<\/span><\/strong><\/p>\n<p class=\"s3\"><span class=\"s4\">Cet avis de confidentialit\u00e9 d\u00e9crit la politique de confidentialit\u00e9 de <\/span><span class=\"s4\">BioSyent Inc. <\/span> <span class=\"s4\">En visitant et en utilisant ce site web, vous acceptez les pratiques d\u00e9crites dans le pr\u00e9sent avis de confidentialit\u00e9 et dans notre politique de confidentialit\u00e9. BioSyent Inc.  <\/span><span class=\"s4\">ne divulgue aucune information personnelle non publique \u00e0 un tiers, sauf si la loi l&rsquo;exige ou si l&rsquo;on a l&rsquo;intention de le faire.<\/span> <span class=\"s4\">d\u00e9crites dans la pr\u00e9sente politique. Les informations personnelles peuvent \u00eatre divulgu\u00e9es \u00e0 nos prestataires de services dans le seul but de<\/span><span class=\"s4\">l&rsquo;ex\u00e9cution de fonctions contractuelles. Dans ce cas, nous veillons \u00e0 ce que nos prestataires de services s&rsquo;engagent \u00e0 ne pas utiliser ou divulguer ces informations.<\/span> <span class=\"s4\">sauf si nous le demandons et uniquement aux fins d\u00e9finies dans notre <\/span><span class=\"s4\">politique <\/span><span class=\"s4\">et\/ou les dispositions applicables<\/span> <span class=\"s4\">de la l\u00e9gislation. BioSyent Inc. peut \u00e9galement partager des informations personnelles avec ses soci\u00e9t\u00e9s associ\u00e9es dans le seul but de<\/span> <span class=\"s4\">de d\u00e9veloppement de produits et de marketing.<\/span><\/p>\n<p class=\"s3\"><span class=\"s4\">Nous ne vendrons aucune de vos informations personnelles \u00e0 des tiers. Vous pouvez retirer tout ou partie de votre consentement \u00e0 ce que nous<\/span> <span class=\"s4\">d&rsquo;utiliser vos informations personnelles dans le cadre de certaines restrictions l\u00e9gales. Toutefois, si vous retirez votre consentement, nous pouvons \u00eatre limit\u00e9s dans<\/span> <span class=\"s4\">les informations sur les entreprises que nous pouvons vous fournir.<\/span><\/p>\n<p class=\"s3\"><span class=\"s2\"><strong>Droit applicable\/Lieu<\/strong> <\/span><\/p>\n<p><span class=\"s4\">En acc\u00e9dant \u00e0 ce site web, vous acceptez que toutes les questions relatives \u00e0 l&rsquo;acc\u00e8s ou \u00e0 l&rsquo;utilisation de ce site web soient r\u00e9solues. <\/span><span class=\"s4\">site<\/span><span class=\"s4\">ainsi que toutes les communications, transmissions et transactions associ\u00e9es \u00e0 ce site web. <\/span><span class=\"s4\">site<\/span><span class=\"s4\">ite est r\u00e9gi par les lois de la province de l&rsquo;Ontario et les lois f\u00e9d\u00e9rales du Canada qui y sont applicables. Les<\/span> <span class=\"s4\"> t<\/span><span class=\"s4\">ermes et <\/span><span class=\"s4\">c<\/span><span class=\"s4\">onditions <\/span><span class=\"s4\">d\u00e9crites dans le pr\u00e9sent document <\/span> <span class=\"s4\">sont r\u00e9gies par les lois de la province de l&rsquo;Ontario et le droit f\u00e9d\u00e9ral du Canada qui s&rsquo;y applique, et doivent \u00eatre interpr\u00e9t\u00e9es conform\u00e9ment \u00e0 ces lois. Vous et  <\/span><span class=\"s4\">BioSyent Inc.<\/span><span class=\"s4\"> acceptent \u00e9galement et se soumettent par la pr\u00e9sente \u00e0 la juridiction personnelle exclusive des tribunaux de la province de l&rsquo;Ontario en ce qui concerne ces questions.<\/span><span class=\"s4\">.<\/span>[\/vc_column_text][\/vc_column][vc_column width=\u00a0\u00bb1\/6&Prime;][\/vc_column][\/vc_row]<\/p>\n<\/div>","protected":false},"excerpt":{"rendered":"<p>[vc_row css=\u00a0\u00bb.vc_custom_1688650338427{margin-top: 90px !important;}\u00a0\u00bb][vc_column width=\u00a0\u00bb1\/6&Prime;][\/vc_column][vc_column width=\u00a0\u00bb2\/3&Prime;][vc_column_text] D\u00e9claration de confidentialit\u00e9 de BioSyent Clause de non-responsabilit\u00e9 g\u00e9n\u00e9rale Ce site web est uniquement destin\u00e9 \u00e0 des fins d&rsquo;information, et les informations, y compris les pr\u00e9sents termes et conditions et notre politique de confidentialit\u00e9 sont sujettes \u00e0 changer \u00e0 tout moment et \u00e0 tout moment et sans pr\u00e9avis. Toute &hellip;<\/p>\n","protected":false},"author":1,"featured_media":0,"parent":0,"menu_order":1,"comment_status":"closed","ping_status":"closed","template":"","meta":{"_acf_changed":false,"footnotes":""},"class_list":["post-2689","page","type-page","status-publish","hentry"],"acf":[],"_links":{"self":[{"href":"https:\/\/www.biosyent.com\/fr\/wp-json\/wp\/v2\/pages\/2689","targetHints":{"allow":["GET"]}}],"collection":[{"href":"https:\/\/www.biosyent.com\/fr\/wp-json\/wp\/v2\/pages"}],"about":[{"href":"https:\/\/www.biosyent.com\/fr\/wp-json\/wp\/v2\/types\/page"}],"author":[{"embeddable":true,"href":"https:\/\/www.biosyent.com\/fr\/wp-json\/wp\/v2\/users\/1"}],"replies":[{"embeddable":true,"href":"https:\/\/www.biosyent.com\/fr\/wp-json\/wp\/v2\/comments?post=2689"}],"version-history":[{"count":4,"href":"https:\/\/www.biosyent.com\/fr\/wp-json\/wp\/v2\/pages\/2689\/revisions"}],"predecessor-version":[{"id":2694,"href":"https:\/\/www.biosyent.com\/fr\/wp-json\/wp\/v2\/pages\/2689\/revisions\/2694"}],"wp:attachment":[{"href":"https:\/\/www.biosyent.com\/fr\/wp-json\/wp\/v2\/media?parent=2689"}],"curies":[{"name":"wp","href":"https:\/\/api.w.org\/{rel}","templated":true}]}}