{"id":1959,"date":"2022-08-12T12:50:01","date_gmt":"2022-08-12T16:50:01","guid":{"rendered":"https:\/\/www.biosyent.com\/carrieres\/"},"modified":"2023-11-09T19:20:57","modified_gmt":"2023-11-09T19:20:57","slug":"carrieres","status":"publish","type":"page","link":"https:\/\/www.biosyent.com\/fr\/carrieres\/","title":{"rendered":"Carri\u00e8res"},"content":{"rendered":"<div class=\"wpb-content-wrapper\"><p>[vc_row full_width=\u00a0\u00bbstretch_row_content_no_spaces\u00a0\u00bb][vc_column]<div class=\"wpb-decorationline stretchy-left\"><div><\/div><div><\/div><\/div>[\/vc_column][\/vc_row][vc_row css=\u00a0\u00bb.vc_custom_1689797263552{margin-top: 80px !important;}\u00a0\u00bb][vc_column][vc_column_text]<\/p>\n<h4 style=\"text-align: center;\"><strong>BioSyent est \u00e0 la recherche de personnes ambitieuses pour int\u00e9grer son \u00e9quipe en pleine croissance!<\/strong><\/h4>\n<p style=\"text-align: center;\">Joignez-vous \u00e0 notre \u00e9quipe et vous pourriez participer au lancement de produits qui r\u00e9pondent aux besoins m\u00e9dicaux non combl\u00e9s sur le march\u00e9 canadien.<\/p>\n<p style=\"text-align: center;\">Veuillez envoyer votre lettre de pr\u00e9sentation et votre curriculum vit\u00e6 \u00e0 <a href=\"mailto:careers@biosyent.com\">careers@biosyent.com.<\/a><\/p>\n<p>[\/vc_column_text][\/vc_column][\/vc_row][vc_row][vc_column width=\u00a0\u00bb1\/6&Prime;][\/vc_column][vc_column width=\u00a0\u00bb2\/3&Prime;][vc_raw_html]PGRpdiBzdHlsZT0idGV4dC1hbGlnbjpjZW50ZXIiPjxpZnJhbWUgdGl0bGU9IkluY2x1cmUgdW4gZ2FkZ2V0IChpZnJhbWUpIiB3aWR0aD0iNjUwIiBoZWlnaHQ9IjU2MCIgc2Nyb2xsaW5nPSJ5ZXMiIGZyYW1lYm9yZGVyPSIwIiBpZD0iMTQ0NjAwODE5MCIgbmFtZT0iMTQ0NjAwODE5MCIgYWxsb3d0cmFuc3BhcmVuY3k9InRydWUiIGNsYXNzPSJpZ20iIHNyYz0iLy9tajg5c3Azc2F1Mms3bGoxZWczazQwaGtlcHBndWo2ai1hLXNpdGVzLW9wZW5zb2NpYWwuZ29vZ2xldXNlcmNvbnRlbnQuY29tL2dhZGdldHMvaWZyP3VybD1odHRwOi8vd3d3LmdzdGF0aWMuY29tL3NpdGVzLWdhZGdldHMvaWZyYW1lL2lmcmFtZS54bWwmYW1wO2NvbnRhaW5lcj1lbnRlcnByaXNlJmFtcDt2aWV3PWRlZmF1bHQmYW1wO2xhbmc9ZW4mYW1wO2NvdW50cnk9QUxMJmFtcDtzYW5pdGl6ZT0wJmFtcDt2PWNmNGU1OTYyNTFhMjViYWImYW1wO2xpYnM9Y29yZSZhbXA7bWlkPTcyJmFtcDtwYXJlbnQ9aHR0cHM6Ly9zaXRlcy5nb29nbGUuY29tL3NpdGUvYmlvc3llbnQvY2FyZWVycy8jdXBfc2Nyb2xsPWF1dG8mYW1wO3VwX2lmcmFtZVVSTD1odHRwczovL3d3dy5maXR6aWkuY29tL2ZpdHppaV93aWRnZXQvNTU\/a2V5JTNEeWtnc3p2bzcmYW1wO3N0PWUlM0RBSUhFM2NBTDJOTkFaQjJKOVF3TXBVVE01c2EyZkFkR1ZIMTZJejgwcjJyQVRtUVFmZFlhdUZJMEo1VldPd1JiUHJ1dDVjUzZJUkg3WEhteTI3eFh4ZVowRU5mTGkwNWhBdFpBY1BXeWZKUk5xQXBKYiUyNTJGN0Fkd294bU9XUFczUWx1bm1HOTNNbU5MU3AlMjZjJTNEZW50ZXJwcmlzZSZhbXA7cnBjdG9rZW49LTY3ODg1MzYxODkxMDE1OTI3MDciIGRhdGEtZGFzaGxhbmUtZnJhbWVpZD0iMTUyNCI+PC9pZnJhbWU+PC9kaXY+[\/vc_raw_html][\/vc_column][vc_column width=\u00a0\u00bb1\/6&Prime;][\/vc_column][\/vc_row][vc_row][vc_column][vc_empty_space height=\u00a0\u00bb100px\u00a0\u00bb][\/vc_column][\/vc_row]<\/p>\n<\/div>","protected":false},"excerpt":{"rendered":"<p>[vc_row full_width=\u00a0\u00bbstretch_row_content_no_spaces\u00a0\u00bb][vc_column][\/vc_column][\/vc_row][vc_row css=\u00a0\u00bb.vc_custom_1689797263552{margin-top: 80px !important;}\u00a0\u00bb][vc_column][vc_column_text] BioSyent est \u00e0 la recherche de personnes ambitieuses pour int\u00e9grer son \u00e9quipe en pleine croissance! Joignez-vous \u00e0 notre \u00e9quipe et vous pourriez participer au lancement de produits qui r\u00e9pondent aux besoins m\u00e9dicaux non combl\u00e9s sur le march\u00e9 canadien. Veuillez envoyer votre lettre de pr\u00e9sentation et votre curriculum vit\u00e6 \u00e0 careers@biosyent.com. &hellip;<\/p>\n","protected":false},"author":1,"featured_media":0,"parent":0,"menu_order":13,"comment_status":"closed","ping_status":"closed","template":"","meta":{"_acf_changed":false,"footnotes":""},"class_list":["post-1959","page","type-page","status-publish","hentry"],"acf":[],"_links":{"self":[{"href":"https:\/\/www.biosyent.com\/fr\/wp-json\/wp\/v2\/pages\/1959","targetHints":{"allow":["GET"]}}],"collection":[{"href":"https:\/\/www.biosyent.com\/fr\/wp-json\/wp\/v2\/pages"}],"about":[{"href":"https:\/\/www.biosyent.com\/fr\/wp-json\/wp\/v2\/types\/page"}],"author":[{"embeddable":true,"href":"https:\/\/www.biosyent.com\/fr\/wp-json\/wp\/v2\/users\/1"}],"replies":[{"embeddable":true,"href":"https:\/\/www.biosyent.com\/fr\/wp-json\/wp\/v2\/comments?post=1959"}],"version-history":[{"count":2,"href":"https:\/\/www.biosyent.com\/fr\/wp-json\/wp\/v2\/pages\/1959\/revisions"}],"predecessor-version":[{"id":1961,"href":"https:\/\/www.biosyent.com\/fr\/wp-json\/wp\/v2\/pages\/1959\/revisions\/1961"}],"wp:attachment":[{"href":"https:\/\/www.biosyent.com\/fr\/wp-json\/wp\/v2\/media?parent=1959"}],"curies":[{"name":"wp","href":"https:\/\/api.w.org\/{rel}","templated":true}]}}