{"id":1948,"date":"2022-08-12T12:49:22","date_gmt":"2022-08-12T16:49:22","guid":{"rendered":"https:\/\/www.biosyent.com\/produits\/"},"modified":"2026-02-12T15:00:13","modified_gmt":"2026-02-12T20:00:13","slug":"produits","status":"publish","type":"page","link":"https:\/\/www.biosyent.com\/fr\/produits\/","title":{"rendered":"Produits"},"content":{"rendered":"<div class=\"wpb-content-wrapper\"><p>[vc_row full_width=\u00a0\u00bbstretch_row_content_no_spaces\u00a0\u00bb][vc_column]<div class=\"wpb-decorationline stretchy-left\"><div><\/div><div><\/div><\/div>[\/vc_column][\/vc_row][vc_row full_width=\u00a0\u00bbstretch_row\u00a0\u00bb css=\u00a0\u00bb.vc_custom_1707511727556{margin-top: -50px !important;margin-bottom: -30px !important;padding-top: 80px !important;padding-bottom: 80px !important;background-image: url(https:\/\/www.biosyent.com\/wp-content\/uploads\/2024\/02\/products_background.jpg?id=2236) !important;background-position: center !important;background-repeat: no-repeat !important;background-size: cover !important;}\u00a0\u00bb][vc_column width=\u00a0\u00bb3\/4&Prime; css=\u00a0\u00bb.vc_custom_1707511710670{padding-right: 15% !important;}\u00a0\u00bb][vc_column_text]<\/p>\n<h2>Produits BioSyent<\/h2>\n<p><span style=\"font-size: 20px;\">BioSyent commercialise et fournit une gamme vari\u00e9e de produits de sant\u00e9, y compris des produits <strong>en vente libre, des produits sans<\/strong> ordonnance et des produits sur <strong>ordonnance<\/strong>. Restez inform\u00e9 de nos derni\u00e8res mises \u00e0 jour de produits en vous inscrivant <a href=\"https:\/\/www.biosyent.com\/fr\/investisseurs\/#form\" target=\"_blank\" rel=\"noopener\"><span style=\"text-decoration: underline;\"><strong>ici<\/strong><\/span><\/a>.<\/span>[\/vc_column_text][\/vc_column][vc_column width=\u00a0\u00bb1\/4&Prime;][\/vc_column][\/vc_row][vc_row disable_element=\u00a0\u00bbyes\u00a0\u00bb][vc_column][vc_empty_space height=\u00a0\u00bb80&Prime;][\/vc_column][\/vc_row][vc_row full_width=\u00a0\u00bbstretch_row_content_no_spaces\u00a0\u00bb][vc_column]\n        <div class=\"wpb-productbox \">\n            <div class=\"line doAnimation animationSlideInRight\">\n                <div class=\"color1\" style=\"background-color:#fc7e2f\"><\/div>\n                <div class=\"color2\" style=\"background-color:#063552\"><\/div>\n                <div class=\"color3\" style=\"background-color:#36ad2c\"><\/div>\n            <\/div>\n            <div class=\"c\">\n                <div class=\"container\">\n                    <div class=\"f\">\n                        <div><img decoding=\"async\" src=\"https:\/\/www.biosyent.com\/wp-content\/uploads\/2023\/10\/FMX-Logos-Stacked-1-1.png\" \/><\/div>\n                        <div>\n                            <\/p>\n<h4>FeraMAX<sup>\u00ae<\/sup> Pd<\/h4>\n<p class=\"s8\"><span class=\"s2\">FeraMAX<sup>\u00ae<\/sup><\/span><span class=\"s2\"> Pd contribue au maintien d\u2019une sant\u00e9 de fer \u00e0 vie gr\u00e2ce \u00e0 une gamme de suppl\u00e9ments de fer oraux. Les <\/span><span class=\"s2\">FeraMAX<\/span><span class=\"s2\"><sup>\u00ae<\/sup> Pd innove par son complexe brevet\u00e9 de polydextrose-fer (PDIC), un syst\u00e8me d\u2019administration non ionique qui achemine le fer dans la circulation sanguine sans qu\u2019il soit absorb\u00e9 dans l\u2019estomac ou le tractus gastro-intestinal sup\u00e9rieur. <sup>FeraMAX\u00ae<\/sup> Pd est la marque de m\u00e9dicament en vente libre la plus recommand\u00e9e par les m\u00e9decins et les pharmaciens au Canada depuis 8 ann\u00e9es cons\u00e9cutives. La famille <sup>FeraMAX\u00ae<\/sup> Pd offre une solution pour tous les stades de la sant\u00e9 du fer dans une vari\u00e9t\u00e9 de doses et de formats ;<\/span><\/p>\n<ul>\n<li class=\"s8\"><span class=\"s2\">Le syst\u00e8me prim\u00e9 <\/span><strong><span class=\"s2\">FeraMAX<sup>\u00ae<\/sup><\/span><\/strong><span class=\"s2\"><strong> Pd Therapeutic 150<\/strong> pour le traitement de l&rsquo;an\u00e9mie ferriprive<\/span><span class=\"s2\">l&rsquo;an\u00e9mie ferriprive ;<\/span><\/li>\n<li class=\"s8\"><strong><span class=\"s2\">FeraMAX<sup>\u00ae<\/sup><\/span><\/strong><span class=\"s2\"><strong> Pd Maintenance 45,<\/strong> un suppl\u00e9ment de fer \u00e0 croquer contenant de la vitamine B12 et de la vitamine C pour pr\u00e9venir<\/span><span class=\"s2\">l&rsquo;an\u00e9mie ferriprive ;<\/span><\/li>\n<li class=\"s8\"><strong><span class=\"s2\">FeraMAX<sup>\u00ae<\/sup><\/span><\/strong> <span class=\"s2\"><strong>Pd Poudre 15<\/strong> sous la forme pratique d\u2019une poudre au go\u00fbt agr\u00e9able pour pr\u00e9venir la carence en fer et l\u2019an\u00e9mie ferriprive<\/span> <span class=\"s2\">chez les enfants.<\/span><\/li>\n<\/ul>\n<p><a href=\"https:\/\/www.feramax.com\" target=\"_blank\" rel=\"noopener\">www.feramax.com<\/a>\n                            \n                        <\/div>\n                       \n                    <\/div>\n                <\/div>\n            <\/div>\n        <\/div><script>\n            jQuery(function($){\n                var root = $(\".wpb-productbox\");\n\n                root.find(\".property-title\").on(\"click\", function() {\n                    var title = $(this);\n                    var text = title.next(\".property-text\");\n\n                    title.toggleClass(\"active\");\n                    text.slideToggle(200);\n                });\n            });\n        <\/script>\n        <div class=\"wpb-productbox right\">\n            <div class=\"line doAnimation animationSlideInLeft\">\n                <div class=\"color1\" style=\"background-color:#f59bc2\"><\/div>\n                <div class=\"color2\" style=\"background-color:#bbda7a\"><\/div>\n                <div class=\"color3\" style=\"background-color:#ee1b7e\"><\/div>\n            <\/div>\n            <div class=\"c\">\n                <div class=\"container\">\n                    <div class=\"f\">\n                        <div><img decoding=\"async\" src=\"https:\/\/www.biosyent.com\/wp-content\/uploads\/2022\/08\/logo.tibella.png\" \/><\/div>\n                        <div>\n                            <\/p>\n<h4>Tibella<sup>MD<\/sup><\/h4>\n<ul>\n<li class=\"s8\"><a href=\"https:\/\/pdf.hres.ca\/dpd_pm\/00065924.PDF\" target=\"_blank\" rel=\"noopener\"><span class=\"s2\">Monographie du produit<\/span><\/a><\/li>\n<li class=\"s8\"><a href=\"https:\/\/www.biosyent.com\/wp-content\/uploads\/2023\/07\/tibella_patient_info.pdf\" target=\"_blank\" rel=\"noopener\"><span class=\"s2\">Information pour les patientes<\/span><\/a><\/li>\n<\/ul>\n<p class=\"s8\"><span class=\"s2\">La r\u00e9glementation canadienne limite la port\u00e9e des renseignements que nous pouvons fournir en ligne au sujet des produits sur ordonnance. Veuillez consulter votre professionnel de la sant\u00e9 pour obtenir <\/span><span class=\"s2\">de l\u2019information suppl\u00e9mentaire. Si vous \u00e9prouvez des difficult\u00e9s techniques \u00e0 consulter l\u2019information sur le produit, veuillez <a href=\"https:\/\/www.biosyent.com\/fr\/contact\/\">communiquer avec nous<\/a>.<\/span><\/p>\n<p><a href=\"https:\/\/www.tibella.ca\" target=\"_blank\" rel=\"noopener\">www.tibella.ca<\/a>\n                            \n                        <\/div>\n                       \n                    <\/div>\n                <\/div>\n            <\/div>\n        <\/div>\n        <div class=\"wpb-productbox \">\n            <div class=\"line doAnimation animationSlideInRight\">\n                <div class=\"color1\" style=\"background-color:#00a49a\"><\/div>\n                <div class=\"color2\" style=\"background-color:#68cbdc\"><\/div>\n                <div class=\"color3\" style=\"background-color:#005752\"><\/div>\n            <\/div>\n            <div class=\"c\">\n                <div class=\"container\">\n                    <div class=\"f\">\n                        <div><img decoding=\"async\" src=\"https:\/\/www.biosyent.com\/wp-content\/uploads\/2023\/07\/inofolic.svg\" \/><\/div>\n                        <div>\n                            <\/p>\n<h4>Inofolique<sup>MD<\/sup><\/h4>\n<p class=\"s8\"><strong><span class=\"s2\">Inofolic<sup>MD<\/sup> est un produit de sant\u00e9 naturel novateur con\u00e7u pour aider les femmes atteintes du syndrome des ovaires polykystiques (SOPK).<\/span><\/strong><\/p>\n<p class=\"s8\">Inofolic<sup>MD<\/sup> est une capsule molle unique contenant du myo-inositol et de l\u2019acide folique. Des recherches cliniques appuient l\u2019utilisation de ce produit pour traiter de nombreux sympt\u00f4mes du SOPK. Parmi ses nombreux bienfaits, Inofolic<sup>MD<\/sup> aide \u00e0 traiter les troubles hormonaux et m\u00e9taboliques, \u00e0 am\u00e9liorer la sensibilit\u00e9 \u00e0 l\u2019insuline, \u00e0 r\u00e9tablir l\u2019ovulation, \u00e0 am\u00e9liorer la qualit\u00e9 des ovules, \u00e0 att\u00e9nuer l\u2019acn\u00e9 et \u00e0 traiter la pilosit\u00e9 excessive chez les femmes atteintes du SOPK.<\/p>\n<p><a href=\"https:\/\/inofolic.com\/\" target=\"_blank\" rel=\"noopener\">www.inofolic.com<\/a>\n                            \n                        <\/div>\n                       \n                    <\/div>\n                <\/div>\n            <\/div>\n        <\/div>\n        <div class=\"wpb-productbox right\">\n            <div class=\"line doAnimation animationSlideInLeft\">\n                <div class=\"color1\" style=\"background-color:#8e00b2\"><\/div>\n                <div class=\"color2\" style=\"background-color:#00679c\"><\/div>\n                <div class=\"color3\" style=\"background-color:#6ac9e1\"><\/div>\n            <\/div>\n            <div class=\"c\">\n                <div class=\"container\">\n                    <div class=\"f\">\n                        <div><img decoding=\"async\" src=\"https:\/\/www.biosyent.com\/wp-content\/uploads\/2023\/10\/logo.repagyn.png\" \/><\/div>\n                        <div>\n                            <\/p>\n<h4>RepaGyn<sup>MD<\/sup><\/h4>\n<p class=\"s8\"><strong><span class=\"s2\">RepaGyn<\/span><\/strong><span class=\"s2\"><sup>MD<\/sup> <strong>(hyaluronate de sodium) est un comprim\u00e9 vaginal novateur hydratant et sans hormones recommand\u00e9 pour restaurer la muqueuse vaginale et traiter la s\u00e9cheresse vaginale caus\u00e9e par le vieillissement, la m\u00e9nopause, le stress ou la chimioth\u00e9rapie.<\/strong> Sa teneur en acide hyaluronique aide \u00e0<\/span> <span class=\"s2\">RepaGyn<sup>MD<\/sup><\/span> <span class=\"s2\">soulager la s\u00e9cheresse vaginale<\/span> <span class=\"s2\">et<\/span> <span class=\"s2\">l\u2019inconfort en plus de favoriser la restauration de la muqueuse et des tissus vaginaux \u00e0 la suite d\u2019une biopsie ou d\u2019une chirurgie invasive.<\/span> <span class=\"s2\">RepaGyn<sup>MD<\/sup><\/span><span class=\"s2\"> est disponible sous la forme pratique d\u2019un comprim\u00e9 vaginal facile \u00e0 utiliser et peut \u00eatre combin\u00e9 \u00e0 une hormonoth\u00e9rapie locale. Vous trouverez <\/span><span class=\"s2\">RepaGyn<sup>MD<\/sup><\/span> <span class=\"s2\">\u00e0 votre pharmacie locale.<\/span><\/p>\n<p><a href=\"https:\/\/www.repagyn.ca\" target=\"_blank\" rel=\"noopener\">www.repagyn.ca<\/a>\n                            \n                        <\/div>\n                       \n                    <\/div>\n                <\/div>\n            <\/div>\n        <\/div>\n        <div class=\"wpb-productbox \">\n            <div class=\"line doAnimation animationSlideInRight\">\n                <div class=\"color1\" style=\"background-color:#4173b2\"><\/div>\n                <div class=\"color2\" style=\"background-color:#0194d3\"><\/div>\n                <div class=\"color3\" style=\"background-color:#d8a0bc\"><\/div>\n            <\/div>\n            <div class=\"c\">\n                <div class=\"container\">\n                    <div class=\"f\">\n                        <div><img decoding=\"async\" src=\"https:\/\/www.biosyent.com\/wp-content\/uploads\/2023\/08\/gelclair.png\" \/><\/div>\n                        <div>\n                            <\/p>\n<h4>Gelclair<sup>\u00ae<\/sup><\/h4>\n<p class=\"s8\"><strong>Gelclair<sup>\u00ae<\/sup> est un gel visqueux sp\u00e9cialement formul\u00e9 pour aider \u00e0 soulager rapidement la douleur en cas de mucite orale.<\/strong> Il agit en formant une pellicule protectrice qui adh\u00e8re \u00e0 la muqueuse buccale pour prot\u00e9ger les terminaisons nerveuses qui signalent la douleur contre les irritants, tout en hydratant et enrobant les tissus endommag\u00e9s. Gelclair<sup>\u00ae<\/sup> est disponible sous forme de gel concentr\u00e9 \u00e0 diluer dans l\u2019eau.<\/p>\n<p><a href=\"https:\/\/www.gelclair.ca\" target=\"_blank\" rel=\"noopener\">www.gelclair.ca<\/a>\n                            \n                        <\/div>\n                       \n                    <\/div>\n                <\/div>\n            <\/div>\n        <\/div>\n        <div class=\"wpb-productbox right\">\n            <div class=\"line doAnimation animationSlideInLeft\">\n                <div class=\"color1\" style=\"background-color:#008840\"><\/div>\n                <div class=\"color2\" style=\"background-color:#00517e\"><\/div>\n                <div class=\"color3\" style=\"background-color:#00a4ff\"><\/div>\n            <\/div>\n            <div class=\"c\">\n                <div class=\"container\">\n                    <div class=\"f\">\n                        <div><img decoding=\"async\" src=\"https:\/\/www.biosyent.com\/wp-content\/uploads\/2022\/08\/logo.cathejell.png\" \/><\/div>\n                        <div>\n                            <\/p>\n<h4>Cathejell<sup>MD<\/sup><\/h4>\n<p class=\"s8\"><strong><span class=\"s2\">Cathejell<\/span><\/strong><span class=\"s2\"><sup>MD<\/sup> <strong>est un lubrifiant st\u00e9rile avec anesth\u00e9sique dans une seringue pr\u00e9remplie qui facilite le sondage ou l\u2019autosondage en lubrifiant et d\u00e9tendant l\u2019ur\u00e8tre avant l\u2019insertion d\u2019une sonde,<\/strong> ce qui r\u00e9duit le risque de l\u00e9sions tissulaires.<\/span><span class=\"s2\"> La seringue en accord\u00e9on permet d\u2019injecter lentement le gel lubrifiant dans l\u2019ur\u00e8tre en exer\u00e7ant une faible pression initiale pour \u00e9largir doucement l\u2019ur\u00e8tre et limiter l\u2019inconfort. Cela permet de dilater l&rsquo;ur\u00e8tre en douceur pour un meilleur confort.<\/span><\/p>\n<p><a href=\"https:\/\/www.cathejell.ca\" target=\"_blank\" rel=\"noopener\">www.cathejell.ca<\/a>\n                            \n                        <\/div>\n                       \n                    <\/div>\n                <\/div>\n            <\/div>\n        <\/div>\n        <div class=\"wpb-productbox right\">\n            <div class=\"line doAnimation animationSlideInLeft\">\n                <div class=\"color1\" style=\"background-color:#55bb49\"><\/div>\n                <div class=\"color2\" style=\"background-color:#00813f\"><\/div>\n                <div class=\"color3\" style=\"background-color:#00813f\"><\/div>\n            <\/div>\n            <div class=\"c\">\n                <div class=\"container\">\n                    <div class=\"f\">\n                        <div><img decoding=\"async\" src=\"https:\/\/www.biosyent.com\/wp-content\/uploads\/2022\/08\/logo.proktis.png\" \/><\/div>\n                        <div>\n                            <\/p>\n<h4>Proktis-M<sup>\u00ae<\/sup><\/h4>\n<p><strong>Le suppositoire Proktis-M<sup>\u00ae<\/sup> (hyaluronate de sodium) est con\u00e7u pour favoriser la gu\u00e9rison anale et rectale.<\/strong> Il a \u00e9t\u00e9 \u00e9tudi\u00e9 et test\u00e9 chez des patients op\u00e9r\u00e9s pour des h\u00e9morro\u00efdes internes, dans des cas de fissures anales et en pr\u00e9vention de la rectite radique<sup>.<\/sup><\/p>\n<p><a href=\"https:\/\/www.proktis-m.ca\" target=\"_blank\" rel=\"noopener\">www.proktis-m.ca<\/a>\n                            \n                        <\/div>\n                       \n                    <\/div>\n                <\/div>\n            <\/div>\n        <\/div>[\/vc_column][\/vc_row][vc_row full_width=\u00a0\u00bbstretch_row\u00a0\u00bb css=\u00a0\u00bb.vc_custom_1723740779708{margin-top: -75px !important;background-position: center !important;background-repeat: no-repeat !important;background-size: cover !important;}\u00a0\u00bb el_class=\u00a0\u00bbbs-mobile-cover\u00a0\u00bb][vc_column width=\u00a0\u00bb1\/6&Prime; css=\u00a0\u00bb.vc_custom_1707511710670{padding-right: 15% !important;}\u00a0\u00bb][\/vc_column][vc_column width=\u00a0\u00bb2\/3&Prime; css=\u00a0\u00bb.vc_custom_1723740739693{margin-top: 0px !important;padding-top: 0px !important;}\u00a0\u00bb][vc_column_text css=\u00a0\u00bb\u00a0\u00bb]<\/p>\n<p style=\"text-align: center;\"><img loading=\"lazy\" decoding=\"async\" class=\"aligncenter wp-image-2729 \" src=\"https:\/\/www.biosyent.com\/wp-content\/uploads\/2024\/08\/steward_fr_logo.png\" alt=\"\" width=\"508\" height=\"124\" srcset=\"https:\/\/www.biosyent.com\/wp-content\/uploads\/2024\/08\/steward_fr_logo.png 778w, https:\/\/www.biosyent.com\/wp-content\/uploads\/2024\/08\/steward_fr_logo-300x73.png 300w, https:\/\/www.biosyent.com\/wp-content\/uploads\/2024\/08\/steward_fr_logo-768x188.png 768w\" sizes=\"auto, (max-width: 508px) 100vw, 508px\" \/><\/p>\n<p style=\"text-align: center;\">Dans le cadre de notre engagement en faveur de l&rsquo;\u00e9limination responsable des m\u00e9dicaments, nous sommes fiers de soutenir les programmes de r\u00e9cup\u00e9ration des m\u00e9dicaments ger\u00e9 par l\u2019Association pour la r\u00e9cup\u00e9ration de produits sant\u00e9. Ces programmes offrent aux consommateurs un moyen s\u00fbr et pratique d\u2019\u00e9liminer des m\u00e9dicaments m\u00e9nagers inutilis\u00e9s ou p\u00e9rim\u00e9s d&rsquo;une mani\u00e8re respectueuse de l&rsquo;environnement.<\/p>\n<p style=\"text-align: center;\">Pour en savoir plus sur le stockage et la gestion appropri\u00e9s des produits pharmaceutiques ou pour trouver un point de collecte pr\u00e8s de chez vous, nous vous encourageons \u00e0 visiter le site Web de l\u2019ARPS. <a href=\"https:\/\/healthsteward.ca\/\" target=\"_blank\" rel=\"noopener\">www.healthsteward.ca<\/a><\/p>\n<p>[\/vc_column_text][\/vc_column][vc_column width=\u00a0\u00bb1\/6&Prime;][\/vc_column][\/vc_row]<\/p>\n<\/div>","protected":false},"excerpt":{"rendered":"<p>[vc_row full_width=\u00a0\u00bbstretch_row_content_no_spaces\u00a0\u00bb][vc_column][\/vc_column][\/vc_row][vc_row full_width=\u00a0\u00bbstretch_row\u00a0\u00bb css=\u00a0\u00bb.vc_custom_1707511727556{margin-top: -50px !important;margin-bottom: -30px !important;padding-top: 80px !important;padding-bottom: 80px !important;background-image: url(https:\/\/www.biosyent.com\/wp-content\/uploads\/2024\/02\/products_background.jpg?id=2236) !important;background-position: center !important;background-repeat: no-repeat !important;background-size: cover !important;}\u00a0\u00bb][vc_column width=\u00a0\u00bb3\/4&Prime; css=\u00a0\u00bb.vc_custom_1707511710670{padding-right: 15% !important;}\u00a0\u00bb][vc_column_text] Produits BioSyent BioSyent commercialise et fournit une gamme vari\u00e9e de produits de sant\u00e9, y compris des produits en vente libre, des produits sans ordonnance et des produits sur ordonnance. Restez inform\u00e9 &hellip;<\/p>\n","protected":false},"author":1,"featured_media":0,"parent":0,"menu_order":10,"comment_status":"closed","ping_status":"closed","template":"","meta":{"_acf_changed":false,"footnotes":""},"class_list":["post-1948","page","type-page","status-publish","hentry"],"acf":[],"_links":{"self":[{"href":"https:\/\/www.biosyent.com\/fr\/wp-json\/wp\/v2\/pages\/1948","targetHints":{"allow":["GET"]}}],"collection":[{"href":"https:\/\/www.biosyent.com\/fr\/wp-json\/wp\/v2\/pages"}],"about":[{"href":"https:\/\/www.biosyent.com\/fr\/wp-json\/wp\/v2\/types\/page"}],"author":[{"embeddable":true,"href":"https:\/\/www.biosyent.com\/fr\/wp-json\/wp\/v2\/users\/1"}],"replies":[{"embeddable":true,"href":"https:\/\/www.biosyent.com\/fr\/wp-json\/wp\/v2\/comments?post=1948"}],"version-history":[{"count":31,"href":"https:\/\/www.biosyent.com\/fr\/wp-json\/wp\/v2\/pages\/1948\/revisions"}],"predecessor-version":[{"id":3124,"href":"https:\/\/www.biosyent.com\/fr\/wp-json\/wp\/v2\/pages\/1948\/revisions\/3124"}],"wp:attachment":[{"href":"https:\/\/www.biosyent.com\/fr\/wp-json\/wp\/v2\/media?parent=1948"}],"curies":[{"name":"wp","href":"https:\/\/api.w.org\/{rel}","templated":true}]}}