{"id":1944,"date":"2022-08-18T21:39:34","date_gmt":"2022-08-18T21:39:34","guid":{"rendered":"https:\/\/www.biosyent.com\/a-propos\/direction\/"},"modified":"2023-11-10T15:27:32","modified_gmt":"2023-11-10T15:27:32","slug":"direction","status":"publish","type":"page","link":"https:\/\/www.biosyent.com\/fr\/a-propos\/direction\/","title":{"rendered":"Direction"},"content":{"rendered":"<div class=\"wpb-content-wrapper\"><p>[vc_row full_width=\u00a0\u00bbstretch_row_content_no_spaces\u00a0\u00bb][vc_column]<div class=\"wpb-decorationline stretchy-left\"><div><\/div><div><\/div><\/div>[\/vc_column][\/vc_row][vc_row][vc_column width=\u00a0\u00bb3\/4&Prime;][vc_column_text]<\/p>\n<h2>Direction de BioSyent<\/h2>\n<p><span class=\"s9\">Avec un mandat moyen de 10 ans<\/span> <span class=\"s9\">et un actionnariat important,<\/span> <span class=\"s9\">l\u2019\u00e9quipe de direction exp\u00e9riment\u00e9e<\/span> <span class=\"s9\">s\u2019engage \u00e0 mettre en \u0153uvre les priorit\u00e9s strat\u00e9giques de<\/span> <span class=\"s9\">BioSyent<\/span> <span class=\"s9\">que sont la croissance rentable,<\/span> <span class=\"s9\">la diversification du portefeuille et la long\u00e9vit\u00e9 de l\u2019entreprise<\/span><span class=\"s9\">.<\/span>[\/vc_column_text][\/vc_column][\/vc_row][vc_row][vc_column]<div class=\"wpb_theteam_full\">\n            <div class=\"member\">\n                <div class=\"data\">\n                    <div class=\"picture\" style=\"background-image:url(https:\/\/www.biosyent.com\/wp-content\/uploads\/2023\/07\/rene.webp)\"><\/div>\n                    <div class=\"name\">Ren\u00e9 C. Goehrum<\/div>\n                    <div class=\"t\">pr\u00e9sident et chef de la direction<\/div>\n                    <div class=\"d\">Ren\u00e9 Goehrum est un entrepreneur, leader et b\u00e2tisseur d\u2019entreprise exp\u00e9riment\u00e9 ayant plus de trente ans d\u2019exp\u00e9rience en marketing, ventes, op\u00e9rations et d\u00e9veloppement d\u2019entreprise et d\u2019affaires dans le secteur pharmaceutique et des produits de consommation. Auparavant, M. Goehrum \u00e9tait pr\u00e9sident et cofondateur de Bratch Goehrum, une soci\u00e9t\u00e9 qui fournissait des services professionnels en marketing et en vente \u00e0 des clients tels que Procter & Gamble, Boehringer Ingelheim, Sandoz (n.k.a. Novartis), Kraft Foods, Coca-Cola et H.J. Heinz Company. Il a d\u00e9but\u00e9 sa carri\u00e8re chez Procter & Gamble, un leader mondial du marketing de marques grand public et de soins de sant\u00e9.\n        <br><br>\u00c0 l\u2019heure actuelle, M. Goehrum est \u00e9galement pr\u00e9sident et directeur g\u00e9n\u00e9ral d\u2019Aquiam Partners Ltd., une soci\u00e9t\u00e9 de capital-investissement.\n        <\/div>\n                <\/div>\n            <\/div>\n            <div class=\"member\">\n                <div class=\"data\">\n                    <div class=\"picture\" style=\"background-image:url(https:\/\/www.biosyent.com\/wp-content\/uploads\/2023\/07\/robert.webp)\"><\/div>\n                    <div class=\"name\">Robert J. March<\/div>\n                    <div class=\"t\">vice-pr\u00e9sident et directeur financier<\/div>\n                    <div class=\"d\">Robert March, comptable professionnel agr\u00e9\u00e9 (CPA, CA) et comptable public agr\u00e9\u00e9 (CPA, Illinois), est titulaire d\u2019un MBA de l\u2019Universit\u00e9 St. Mary\u2019s et d\u2019un baccalaur\u00e9at en biochimie, microbiologie et immunologie de l\u2019Universit\u00e9 Dalhousie. Il a d\u00e9but\u00e9 sa carri\u00e8re chez Ernst & Young dans les services d\u2019audit et d\u2019assurance avant d\u2019\u00eatre promu directeur des services-conseils en transactions, o\u00f9 son exp\u00e9rience comprenait l\u2019insolvabilit\u00e9 et la restructuration ainsi que les services g\u00e9n\u00e9raux de transactions telles que les fusions et acquisitions.\n        <br><br>Avant de se joindre \u00e0 BioSyent, M. March a progressivement cumul\u00e9 plus de 15 ann\u00e9es d\u2019exp\u00e9rience en tant que cadre sup\u00e9rieur dans des secteurs hautement r\u00e9glement\u00e9s, notamment l\u2019assurance, le transport et les produits de consommation emball\u00e9s, au Canada et aux \u00c9tats-Unis.\n        <\/div>\n                <\/div>\n            <\/div>\n            <div class=\"member\">\n                <div class=\"data\">\n                    <div class=\"picture\" style=\"background-image:url(https:\/\/www.biosyent.com\/wp-content\/uploads\/2024\/10\/marnie_biosyent2.jpg)\"><\/div>\n                    <div class=\"name\">Marnie McCormick<\/div>\n                    <div class=\"t\">Vice President & General Manager<\/div>\n                    <div class=\"d\"><p>Marnie McCormick is a passionate executive who brings over 20 years of experience and expertise across different verticals within healthcare, in Canada and internationally. Marnie has a track record of success at Fortune 100 companies leading and developing high performing teams to consistently exceed expectations. She brings sales and marketing expertise and business process excellence across pharmaceuticals, medical devices and medical products from industry leaders including AstraZeneca, Baxter, and most recently Cardinal Health Canada where she led marketing and product management for a large distribution business and self manufactured portfolio. Marnie joined BioSyent in 2024 where she leads the Canadian commercial business.<\/p>\n<\/div>\n                <\/div>\n            <\/div>\n            <div class=\"member\">\n                <div class=\"data\">\n                    <div class=\"picture\" style=\"background-image:url(https:\/\/www.biosyent.com\/wp-content\/uploads\/2022\/08\/member.png)\"><\/div>\n                    <div class=\"name\">Joost van der Mark<\/div>\n                    <div class=\"t\">vice-pr\u00e9sident, D\u00e9veloppement d\u2019entreprise<\/div>\n                    <div class=\"d\">Joost van der Mark est un cadre chevronn\u00e9 du secteur de la sant\u00e9 avec plus de vingt ans d\u2019exp\u00e9rience dans l\u2019industrie biopharmaceutique. Avant de se joindre \u00e0 BioSyent, il \u00e9tait directeur commercial de 3D Signatures et auparavant, il a cofond\u00e9 Orphan Canada, qui a ensuite vendu ses actifs \u00e0 Knight Therapeutics en 2014. M. van der Mark a occup\u00e9 des postes de plus en plus importants dans les domaines de la recherche clinique, des ventes, du marketing, de l\u2019acc\u00e8s au march\u00e9, de la strat\u00e9gie et du d\u00e9veloppement commercial chez Bayer, Sanofi, Nycomed (n.k.a. Takeda) et Knight Therapeutics.\n        <br><br>Il est titulaire d\u2019une ma\u00eetrise en physiologie et pharmacologie de l\u2019Universit\u00e9 Western et d\u2019un MBA de l\u2019Universit\u00e9 York (Schulich).\n        <\/div>\n                <\/div>\n            <\/div>\n            <div class=\"member\">\n                <div class=\"data\">\n                    <div class=\"picture\" style=\"background-image:url(https:\/\/www.biosyent.com\/wp-content\/uploads\/2023\/07\/Doug-Reynolds-Photo-Leadership-Team.jpg)\"><\/div>\n                    <div class=\"name\">Doug Reynolds<\/div>\n                    <div class=\"t\">National Sales Director<\/div>\n                    <div class=\"d\"><p class=\"p1\">Doug Reynolds is the National Sales Director at BioSyent, joining BioSyent&rsquo;s Leadership Team in 2026. He has over twenty years of progressive sales leadership experience, consistently delivering strong commercial performance and leading high-performing teams across competitive markets. He has held senior leadership roles with organizations including Alcon Canada and Abbott Diabetes Care, where he held the position of National Sales Director. Mr. Reynolds holds a Bachelor of Business Administration from Acadia University.<\/p>\n<\/div>\n                <\/div>\n            <\/div>\n            <div class=\"member\">\n                <div class=\"data\">\n                    <div class=\"picture\" style=\"background-image:url(https:\/\/www.biosyent.com\/wp-content\/uploads\/2023\/07\/navid.webp)\"><\/div>\n                    <div class=\"name\">Navid Ashrafi, M.D.<\/div>\n                    <div class=\"t\">directeur, Affaires m\u00e9dicales et r\u00e9glementaires<\/div>\n                    <div class=\"d\">Navid Ashrafi a suivi une formation en m\u00e9decine et a pratiqu\u00e9 la profession pendant plus de onze ans avant d\u2019int\u00e9grer l\u2019industrie pharmaceutique. Le Dr Ashrafi poss\u00e8de plus de dix ans d\u2019exp\u00e9rience internationale au sein du secteur pharmaceutique \u00e0 des postes de vente, de marketing et du domaine m\u00e9dical, notamment en tant que chef de division et chef de pays pour l\u2019\u00e9quipe Bayer Healthcare en Iran. Ses domaines d\u2019expertise comprennent le d\u00e9veloppement de relations avec les leaders d\u2019opinion, les autorit\u00e9s sanitaires et des parties prenantes externes, la formulation de conseils strat\u00e9giques \u00e0 l\u2019entreprise, ainsi que le coaching et le leadership d\u2019\u00e9quipe.\n        <br><br>Navid s\u2019est joint \u00e0 BioSyent en mai 2014 o\u00f9 il dirige les activit\u00e9s m\u00e9dicales, de r\u00e9glementation et de contr\u00f4le de la qualit\u00e9.\n        <\/div>\n                <\/div>\n            <\/div>\n            <div class=\"member\">\n                <div class=\"data\">\n                    <div class=\"picture\" style=\"background-image:url(https:\/\/www.biosyent.com\/wp-content\/uploads\/2022\/08\/neelu.webp)\"><\/div>\n                    <div class=\"name\">Neelu Atwal<\/div>\n                    <div class=\"t\">Ressources humaines<\/div>\n                    <div class=\"d\">Neelu Atwal est directrice des ressources humaines chez BioSyent. Elle est charg\u00e9e de superviser les fonctions des ressources humaines et d\u2019assurer le leadership des personnes et des \u00e9l\u00e9ments culturels de l\u2019entreprise. Mme Atwal a acquis plus de vingt ans d\u2019exp\u00e9rience pratique \u00e0 des postes de plus en plus importants en ressources humaines dans de nouvelles entreprises, des entreprises en croissance et des entreprises manufacturi\u00e8res. Elle donne le ton aux projets d\u2019acquisition et de gestion des talents de BioSyent.\n        <br><br>Mme Atwal est titulaire d\u2019un baccalaur\u00e9at en comptabilit\u00e9 de la City University de New York et d\u2019une certification en ressources humaines de l\u2019Universit\u00e9 Ryerson de Toronto.\n        <\/div>\n                <\/div>\n            <\/div>\n            <div class=\"member\">\n                <div class=\"data\">\n                    <div class=\"picture\" style=\"background-image:url(https:\/\/www.biosyent.com\/wp-content\/uploads\/2022\/08\/ramesh.webp)\"><\/div>\n                    <div class=\"name\">Ramesh Moothan<\/div>\n                    <div class=\"t\">Division internationale<\/div>\n                    <div class=\"d\">Ramesh Moothan g\u00e8re les affaires internationales de BioSyent. Il s\u2019est joint \u00e0 BioSyent en octobre 2013 et est responsable du d\u00e9veloppement commercial et de la strat\u00e9gie d\u2019entr\u00e9e sur le march\u00e9 pour les marques de l\u2019entreprise \u00e0 l\u2019ext\u00e9rieur du Canada. M. Moothan poss\u00e8de plus de vingt ans d\u2019exp\u00e9rience en gestion d\u2019entreprises pharmaceutiques de marque en Am\u00e9rique latine, en Asie-Pacifique et en Afrique. Avant son arriv\u00e9e, M. Moothan a \u00e9t\u00e9 associ\u00e9 \u00e0 Alkem Labs, en Inde, en tant que directeur g\u00e9n\u00e9ral principal (international) responsable des affaires sur les march\u00e9s \u00e9mergents.\n        <br><br>Dans le pass\u00e9, il a occup\u00e9 des postes de plus en plus importants en tant que repr\u00e9sentant m\u00e9dical, chef de produit, chef de la repr\u00e9sentation, puis chef d\u2019entreprise. M. Moothan est titulaire d\u2019un baccalaur\u00e9at sp\u00e9cialis\u00e9 en chimie et d\u2019un MBA en marketing.\n        <\/div>\n                <\/div>\n            <\/div>\n            <div class=\"member\">\n                <div class=\"data\">\n                    <div class=\"picture\" style=\"background-image:url(https:\/\/www.biosyent.com\/wp-content\/uploads\/2023\/07\/sharan.webp)\"><\/div>\n                    <div class=\"name\">Sharan Raghubir<\/div>\n                    <div class=\"t\">Director, Specialty Sales<\/div>\n                    <div class=\"d\">Sharan Raghubir est directeur de la division sp\u00e9cialis\u00e9e chez BioSyent. Il cumule plus de vingt ans d\u2019exp\u00e9rience dans l\u2019industrie pharmaceutique acquise dans des r\u00f4les de plus en plus importants chez Fournier Pharma (maintenant AbbVie) et Hoffman-La Roche (Roche) Canada. Chez Fournier, M. Raghubir a travaill\u00e9 comme repr\u00e9sentant des ventes m\u00e9dicales, formateur en ventes et directeur de district au Canada, puis directeur g\u00e9n\u00e9ral (directeur national) en Asie. En Asie, il a d\u2019abord \u00e9t\u00e9 responsable des divisions au Vietnam, au Cambodge, puis en Malaisie et \u00e0 Singapour, respectivement. Chez Roche Canada, il a d\u2019abord \u00e9t\u00e9 directeur national des ventes, puis gestionnaire principal des produits et enfin, directeur de la planification et des strat\u00e9gies d\u2019entreprise. Ses responsabilit\u00e9s de gestion des ventes et du marketing chez Roche comprenaient un portefeuille de cinq marques pour h\u00f4pitaux avec des ventes combin\u00e9es de plus de 95 millions de dollars.\n        <br><br>M. Raghubir est titulaire d\u2019un baccalaur\u00e9at \u00e8s sciences de l\u2019Universit\u00e9 Queen\u2019s en plus d\u2019un MBA de l\u2019Universit\u00e9 Queen\u2019s et de l\u2019Universit\u00e9 Cornell.\n        <\/div>\n                <\/div>\n            <\/div><div><\/div><div><\/div><div><\/div><\/div>[\/vc_column][\/vc_row][vc_row][vc_column][vc_empty_space height=\u00a0\u00bb100px\u00a0\u00bb][\/vc_column][\/vc_row]<\/p>\n<\/div>","protected":false},"excerpt":{"rendered":"<p>[vc_row full_width=\u00a0\u00bbstretch_row_content_no_spaces\u00a0\u00bb][vc_column][\/vc_column][\/vc_row][vc_row][vc_column width=\u00a0\u00bb3\/4&Prime;][vc_column_text] Direction de BioSyent Avec un mandat moyen de 10 ans et un actionnariat important, l\u2019\u00e9quipe de direction exp\u00e9riment\u00e9e s\u2019engage \u00e0 mettre en \u0153uvre les priorit\u00e9s strat\u00e9giques de BioSyent que sont la croissance rentable, la diversification du portefeuille et la long\u00e9vit\u00e9 de l\u2019entreprise.[\/vc_column_text][\/vc_column][\/vc_row][vc_row][vc_column][\/vc_column][\/vc_row][vc_row][vc_column][vc_empty_space height=\u00a0\u00bb100px\u00a0\u00bb][\/vc_column][\/vc_row]<\/p>\n","protected":false},"author":1,"featured_media":0,"parent":1921,"menu_order":7,"comment_status":"closed","ping_status":"closed","template":"","meta":{"_acf_changed":false,"footnotes":""},"class_list":["post-1944","page","type-page","status-publish","hentry"],"acf":[],"_links":{"self":[{"href":"https:\/\/www.biosyent.com\/fr\/wp-json\/wp\/v2\/pages\/1944","targetHints":{"allow":["GET"]}}],"collection":[{"href":"https:\/\/www.biosyent.com\/fr\/wp-json\/wp\/v2\/pages"}],"about":[{"href":"https:\/\/www.biosyent.com\/fr\/wp-json\/wp\/v2\/types\/page"}],"author":[{"embeddable":true,"href":"https:\/\/www.biosyent.com\/fr\/wp-json\/wp\/v2\/users\/1"}],"replies":[{"embeddable":true,"href":"https:\/\/www.biosyent.com\/fr\/wp-json\/wp\/v2\/comments?post=1944"}],"version-history":[{"count":5,"href":"https:\/\/www.biosyent.com\/fr\/wp-json\/wp\/v2\/pages\/1944\/revisions"}],"predecessor-version":[{"id":2018,"href":"https:\/\/www.biosyent.com\/fr\/wp-json\/wp\/v2\/pages\/1944\/revisions\/2018"}],"up":[{"embeddable":true,"href":"https:\/\/www.biosyent.com\/fr\/wp-json\/wp\/v2\/pages\/1921"}],"wp:attachment":[{"href":"https:\/\/www.biosyent.com\/fr\/wp-json\/wp\/v2\/media?parent=1944"}],"curies":[{"name":"wp","href":"https:\/\/api.w.org\/{rel}","templated":true}]}}