{"id":1926,"date":"2022-08-18T22:26:06","date_gmt":"2022-08-18T22:26:06","guid":{"rendered":"https:\/\/www.biosyent.com\/a-propos\/conseil-dadministration\/"},"modified":"2023-11-21T15:12:11","modified_gmt":"2023-11-21T15:12:11","slug":"conseil-dadministration","status":"publish","type":"page","link":"https:\/\/www.biosyent.com\/fr\/a-propos\/conseil-dadministration\/","title":{"rendered":"Conseil d\u2019administration"},"content":{"rendered":"<div class=\"wpb-content-wrapper\"><p>[vc_row full_width=\u00a0\u00bbstretch_row_content_no_spaces\u00a0\u00bb][vc_column]<div class=\"wpb-decorationline stretchy-left\"><div><\/div><div><\/div><\/div>[\/vc_column][\/vc_row][vc_row][vc_column width=\u00a0\u00bb3\/4&Prime;][vc_column_text]<\/p>\n<h2>Conseil d\u2019administration<\/h2>\n<p>[\/vc_column_text][\/vc_column][\/vc_row][vc_row][vc_column]<div class=\"wpb_theteam_full\">\n            <div class=\"member\">\n                <div class=\"data\">\n                    <div class=\"picture\" style=\"background-image:url(https:\/\/www.biosyent.com\/wp-content\/uploads\/2025\/05\/PG2.jpg)\"><\/div>\n                    <div class=\"name\">Prakash Gowd<\/div>\n                    <div class=\"t\">administrateur ind\u00e9pendant (comit\u00e9 d\u2019audit, comit\u00e9 de divulgation)<\/div>\n                    <div class=\"d\"><p>Mr. Gowd is an accomplished executive with over 25 years of experience in biopharma, capital markets, and entrepreneurship. His career spans startups and large corporations, expertise in various healthcare verticals, leading people, strategy, P&amp;L, financing, licensing, M&amp;A, and go-public transactions. Currently, as Vice President at TIAP (Toronto Innovation Acceleration Partners), he drives transformation of early-stage medical innovations into successful companies. Previously, Mr. Gowd was Chief Operating Officer and Head of Corporate Development at a mental health company, leading its U.S. operations, public listing, acquisitions, and eventual sale. He also co-founded a genetic testing company in medical cannabis, successfully building and selling the business. Mr. Gowd has held senior roles in biotech equity research and investment banking at major financial institutions and started his career in pharmaceutical commercial operations and new product development. Mr. Gowd currently serves on the Board of Directors of HDAX Therapeutics Inc., a privately held biotechnology company, and Appili Therapeutics Inc., a TSX-listed biopharmaceutical company focused on drug development for infectious diseases and medical countermeasures. Mr. Gowd holds an MBA from McGill University, a Pharmacy degree from the University of British Columbia, and a Chartered Director designation.<\/p>\n<\/div>\n                <\/div>\n            <\/div>\n            <div class=\"member\">\n                <div class=\"data\">\n                    <div class=\"picture\" style=\"background-image:url(https:\/\/www.biosyent.com\/wp-content\/uploads\/2023\/07\/joseph.webp)\"><\/div>\n                    <div class=\"name\">Joseph Arcuri<\/div>\n                    <div class=\"t\">administrateur ind\u00e9pendant (comit\u00e9 d\u2019audit [pr\u00e9sident], comit\u00e9 de divulgation [pr\u00e9sident])<\/div>\n                    <div class=\"d\">\n        M. Arcuri (CPA, CA) fait b\u00e9n\u00e9ficier le conseil d\u2019administration de son expertise en audit et comptabilit\u00e9 et de sa riche exp\u00e9rience \u00e0 des postes de direction. Il est l\u2019actuel directeur financier de NRStor, une entreprise qui offre des services de d\u00e9veloppement et de construction de projets de stockage d\u2019\u00e9nergie.\n        <br><br>Il a auparavant \u00e9t\u00e9 vice-pr\u00e9sident directeur du service des op\u00e9rations et des finances \u00e0 la division du contenu de St. Joseph Communications, une entreprise de communications marketing. De 2013 \u00e0 2016, M. Arcuri a occup\u00e9 les postes de directeur de l\u2019exploitation et de directeur financier \u00e0 TableRock Media, une entreprise de services de diffusion en continu. En 2012, il \u00e9tait directeur financier de GlassBOX Television, un fournisseur de services de t\u00e9l\u00e9vision.\n        <br><br>Entre 2007 et 2011, il a \u00e9t\u00e9 pr\u00e9sident d\u2019AOL Canada, un fournisseur de services Internet, et a pr\u00e9c\u00e9demment dirig\u00e9 le groupe des services g\u00e9r\u00e9s de Bell Canada. M. Arcuri a entam\u00e9 sa carri\u00e8re professionnelle \u00e0 PricewaterhouseCoopers au sein du groupe d\u2019assurance, o\u00f9 il a ensuite \u00e9t\u00e9 transf\u00e9r\u00e9 au service d\u2019\u00e9valuation sp\u00e9cialis\u00e9 en fusions et acquisitions. Par ailleurs, il est aussi l\u2019actuel pr\u00e9sident b\u00e9n\u00e9vole de Villa Charities.\n        <\/div>\n                <\/div>\n            <\/div>\n            <div class=\"member\">\n                <div class=\"data\">\n                    <div class=\"picture\" style=\"background-image:url(https:\/\/www.biosyent.com\/wp-content\/uploads\/2023\/07\/sara.webp)\"><\/div>\n                    <div class=\"name\">Sara Elford<\/div>\n                    <div class=\"t\">administratrice ind\u00e9pendante (comit\u00e9 d\u2019audit, comit\u00e9 de divulgation, comit\u00e9 de nomination [pr\u00e9sidente])<\/div>\n                    <div class=\"d\">Mme Elford est une administratrice de soci\u00e9t\u00e9s qui apporte au conseil une riche exp\u00e9rience des march\u00e9s financiers et de la gouvernance d\u2019entreprise. En plus de son poste chez BioSyent, elle est membre du conseil d\u2019administration de BQE Water, une soci\u00e9t\u00e9 cot\u00e9e \u00e0 la Bourse de croissance TSX (\u00ab TSXV \u00bb) sp\u00e9cialis\u00e9e dans le traitement et la gestion de l\u2019eau; d\u2019EcoSynthetix, une soci\u00e9t\u00e9 cot\u00e9e au TSX sp\u00e9cialis\u00e9e dans les produits chimiques renouvelables; et de Xebec Adsorption, une entreprise d\u2019\u00e9quipement et de services sp\u00e9cialis\u00e9e dans le gaz renouvelable. Mme Elford a auparavant si\u00e9g\u00e9 au conseil d\u2019administration d\u2019Hydrogens Corporation (2016-2019), une entreprise de technologies \u00e0 l\u2019hydrog\u00e8ne, de Carmanah Technologies (2015-2019), une entreprise de technologie solaire \u00e0 DEL, de TSO3 (2019), une entreprise de st\u00e9rilisation de dispositifs m\u00e9dicaux, de Pure Technologies (2015-2017), une soci\u00e9t\u00e9 de technologie de d\u00e9tection des fuites de pipelines, et WeCommerce Holdings (2020-2022), une soci\u00e9t\u00e9 de logiciels de commerce \u00e9lectronique cot\u00e9e \u00e0 la Bourse de croissance TSX.\n        <br><br>Entre 1995 et 2015, Mme Elford a \u00e9t\u00e9 directrice et analyste de recherche chez Canaccord Genuity Group et a auparavant occup\u00e9 des postes en investissement bancaire chez Kidder Peabody et Wood Gundy. Elle a obtenu son titre d\u2019analyste financi\u00e8re agr\u00e9\u00e9e en 1997.\n        <\/div>\n                <\/div>\n            <\/div>\n            <div class=\"member\">\n                <div class=\"data\">\n                    <div class=\"picture\" style=\"background-image:url(https:\/\/www.biosyent.com\/wp-content\/uploads\/2023\/07\/rene.webp)\"><\/div>\n                    <div class=\"name\">Ren\u00e9 C. Goehrum<\/div>\n                    <div class=\"t\">pr\u00e9sident du conseil d\u2019administration<\/div>\n                    <div class=\"d\">Ren\u00e9 Goehrum est un entrepreneur, leader et b\u00e2tisseur d\u2019entreprise exp\u00e9riment\u00e9 ayant plus de trente ans d\u2019exp\u00e9rience en marketing, ventes, op\u00e9rations et d\u00e9veloppement d\u2019entreprise et d\u2019affaires dans le secteur pharmaceutique et des produits de consommation. Auparavant, M. Goehrum \u00e9tait pr\u00e9sident et cofondateur de Bratch Goehrum, une soci\u00e9t\u00e9 qui fournissait des services professionnels en marketing et en vente \u00e0 des clients tels que Procter & Gamble, Boehringer Ingelheim, Sandoz (n.k.a. Novartis), Kraft Foods, Coca-Cola et H.J. Heinz Company. Il a d\u00e9but\u00e9 sa carri\u00e8re chez Procter & Gamble, un leader mondial du marketing de marques grand public et de soins de sant\u00e9.\n        <br><br>\u00c0 l\u2019heure actuelle, M. Goehrum est \u00e9galement pr\u00e9sident et directeur g\u00e9n\u00e9ral d\u2019Aquiam Partners Ltd., une soci\u00e9t\u00e9 de capital-investissement.\n        <\/div>\n                <\/div>\n            <\/div>\n            <div class=\"member\">\n                <div class=\"data\">\n                    <div class=\"picture\" style=\"background-image:url(https:\/\/www.biosyent.com\/wp-content\/uploads\/2023\/07\/peter.webp)\"><\/div>\n                    <div class=\"name\">Peter Lockhard<\/div>\n                    <div class=\"t\">administrateur ind\u00e9pendant (administrateur principal, comit\u00e9 de r\u00e9mun\u00e9ration et des ressources humaines)<\/div>\n                    <div class=\"d\">M. Lockhard poss\u00e8de une exp\u00e9rience significative en ventes, marketing, op\u00e9rations et strat\u00e9gie d\u2019entreprise acquise au cours de sa carri\u00e8re de chef et b\u00e2tisseur d\u2019entreprise.  De 2005 \u00e0 2020, il a \u00e9t\u00e9 membre de l\u2019\u00e9quipe de direction de Points International, une soci\u00e9t\u00e9 internationale de commerce \u00e9lectronique cot\u00e9e au TSX et au NASDAQ dans le secteur des programmes de fid\u00e9lisation (la soci\u00e9t\u00e9 a \u00e9t\u00e9 acquise au priv\u00e9 en juin 2022), o\u00f9 il a occup\u00e9 les postes de directeur des op\u00e9rations (2009-2020), de directeur des revenus (2007-2009) et de vice-pr\u00e9sident des solutions commerciales (2005-2006). Au cours de son mandat, M. Lockhard a contribu\u00e9 \u00e0 faire cro\u00eetre les revenus de Points International, qui sont pass\u00e9s de 10 M$ US \u00e0 400 M$ US.\n        <br><br>Il est \u00e9galement directeur g\u00e9n\u00e9ral d\u2019Aquiam Partners, une soci\u00e9t\u00e9 de capital-investissement.\n        <\/div>\n                <\/div>\n            <\/div>\n            <div class=\"member\">\n                <div class=\"data\">\n                    <div class=\"picture\" style=\"background-image:url(https:\/\/www.biosyent.com\/wp-content\/uploads\/2023\/07\/steve.webp)\"><\/div>\n                    <div class=\"name\">Stephen Wilton<\/div>\n                    <div class=\"t\">Independent Director (Compensation and Human Resources Committee)<\/div>\n                    <div class=\"d\">M. Wilton apporte au conseil une vaste expertise en mati\u00e8re de r\u00e9glementation et de d\u00e9veloppement de produits qu\u2019il a acquise au cours d\u2019une carri\u00e8re longue et vari\u00e9e dans l\u2019industrie pharmaceutique.\n        <br><br>Pharmacien agr\u00e9\u00e9, il a obtenu un baccalaur\u00e9at en pharmacie de l\u2019Universit\u00e9 de Toronto et a commenc\u00e9 sa carri\u00e8re en tant que pharmacien en pharmacie communautaire et hospitali\u00e8re. Apr\u00e8s avoir occup\u00e9 des postes de marketing et de ventes dans le domaine m\u00e9dical chez Eli Lilly Canada, il a rejoint AstraZeneca. Chez AstraZeneca, M. Wilton a occup\u00e9 des postes de direction dans le marketing o\u00f9, en tant que chef de la direction, il a dirig\u00e9 une \u00e9quipe g\u00e9rant un portefeuille de produits sp\u00e9cialis\u00e9s d\u2019une valeur de 300 millions de dollars, ainsi que trois autres fonctions en tant que chef de la direction du d\u00e9veloppement commercial, chef de la direction de la tarification, du remboursement et des solutions de sant\u00e9 et directeur des affaires r\u00e9glementaires.\n        <br><br>Apr\u00e8s sa carri\u00e8re de dix-sept ans chez AstraZeneca, il a travaill\u00e9 comme vice-pr\u00e9sident des affaires pharmaceutiques pour l\u2019Association canadienne des cha\u00eenes de pharmacies o\u00f9 il a d\u00e9fendu les int\u00e9r\u00eats des pharmaciens propri\u00e9taires du syst\u00e8me de sant\u00e9 canadien. M. Wilton est \u00e9galement titulaire d\u2019un MBA de l\u2019Universit\u00e9 York (Schulich School of Business).\n        <\/div>\n                <\/div>\n            <\/div><div><\/div><div><\/div><div><\/div><div><\/div><div><\/div><div><\/div><\/div>[\/vc_column][\/vc_row][vc_row][vc_column][vc_empty_space height=\u00a0\u00bb100px\u00a0\u00bb][\/vc_column][\/vc_row]<\/p>\n<\/div>","protected":false},"excerpt":{"rendered":"<p>[vc_row full_width=\u00a0\u00bbstretch_row_content_no_spaces\u00a0\u00bb][vc_column][\/vc_column][\/vc_row][vc_row][vc_column width=\u00a0\u00bb3\/4&Prime;][vc_column_text] Conseil d\u2019administration [\/vc_column_text][\/vc_column][\/vc_row][vc_row][vc_column][\/vc_column][\/vc_row][vc_row][vc_column][vc_empty_space height=\u00a0\u00bb100px\u00a0\u00bb][\/vc_column][\/vc_row]<\/p>\n","protected":false},"author":1,"featured_media":0,"parent":1921,"menu_order":6,"comment_status":"closed","ping_status":"closed","template":"","meta":{"_acf_changed":false,"footnotes":""},"class_list":["post-1926","page","type-page","status-publish","hentry"],"acf":[],"_links":{"self":[{"href":"https:\/\/www.biosyent.com\/fr\/wp-json\/wp\/v2\/pages\/1926","targetHints":{"allow":["GET"]}}],"collection":[{"href":"https:\/\/www.biosyent.com\/fr\/wp-json\/wp\/v2\/pages"}],"about":[{"href":"https:\/\/www.biosyent.com\/fr\/wp-json\/wp\/v2\/types\/page"}],"author":[{"embeddable":true,"href":"https:\/\/www.biosyent.com\/fr\/wp-json\/wp\/v2\/users\/1"}],"replies":[{"embeddable":true,"href":"https:\/\/www.biosyent.com\/fr\/wp-json\/wp\/v2\/comments?post=1926"}],"version-history":[{"count":12,"href":"https:\/\/www.biosyent.com\/fr\/wp-json\/wp\/v2\/pages\/1926\/revisions"}],"predecessor-version":[{"id":2096,"href":"https:\/\/www.biosyent.com\/fr\/wp-json\/wp\/v2\/pages\/1926\/revisions\/2096"}],"up":[{"embeddable":true,"href":"https:\/\/www.biosyent.com\/fr\/wp-json\/wp\/v2\/pages\/1921"}],"wp:attachment":[{"href":"https:\/\/www.biosyent.com\/fr\/wp-json\/wp\/v2\/media?parent=1926"}],"curies":[{"name":"wp","href":"https:\/\/api.w.org\/{rel}","templated":true}]}}