{"id":1922,"date":"2022-08-18T18:59:16","date_gmt":"2022-08-18T22:59:16","guid":{"rendered":"https:\/\/www.biosyent.com\/a-propos\/a-propos-de-biosyent\/"},"modified":"2024-03-11T14:20:54","modified_gmt":"2024-03-11T14:20:54","slug":"a-propos-de-biosyent","status":"publish","type":"page","link":"https:\/\/www.biosyent.com\/fr\/a-propos\/a-propos-de-biosyent\/","title":{"rendered":"\u00c0 propos de BioSyent"},"content":{"rendered":"<div class=\"wpb-content-wrapper\"><p>[vc_row full_width=\u00a0\u00bbstretch_row_content_no_spaces\u00a0\u00bb][vc_column]<div class=\"wpb-decorationline stretchy-left\"><div><\/div><div><\/div><\/div>[\/vc_column][\/vc_row][vc_row gap=\u00a0\u00bb20&Prime; css=\u00a0\u00bb.vc_custom_1688736782031{margin-bottom: 0px !important;padding-bottom: 0px !important;}\u00a0\u00bb][vc_column width=\u00a0\u00bb2\/3&Prime; css=\u00a0\u00bb.vc_custom_1688736778860{margin-top: 0px !important;margin-bottom: 0px !important;padding-top: 0px !important;padding-bottom: 0px !important;}\u00a0\u00bb][vc_column_text]<\/p>\n<h2>\u00c0 propos de BioSyent<\/h2>\n<p>Inscrite \u00e0 la Bourse de croissance TSX (TSXV : RX), <strong>BioSyent est une soci\u00e9t\u00e9 pharmaceutique sp\u00e9cialis\u00e9e, rentable, orient\u00e9e vers la croissance<\/strong>et ax\u00e9e sur l\u2019obtention de licences ou l\u2019acquisition de produits pharmaceutiques innovants qui ont \u00e9t\u00e9 d\u00e9velopp\u00e9s avec succ\u00e8s, se sont av\u00e9r\u00e9s s\u00fbrs et efficaces et ont fait leurs preuves quant \u00e0 l\u2019am\u00e9lioration de la vie des patients. BioSyent soutient les professionnels de la sant\u00e9 qui traitent ces patients en commercialisant ses produits par l&rsquo;interm\u00e9diaire de ses unit\u00e9s commerciales communautaires, sp\u00e9cialis\u00e9es et internationales.[\/vc_column_text][\/vc_column][vc_column width=\u00a0\u00bb1\/3&Prime; css=\u00a0\u00bb.vc_custom_1688736773470{margin-bottom: 0px !important;padding-bottom: 0px !important;}\u00a0\u00bb][vc_single_image image=\u00a0\u00bb1773&Prime; img_size=\u00a0\u00bbfull\u00a0\u00bb][\/vc_column][\/vc_row][vc_row gap=\u00a0\u00bb20&Prime; css=\u00a0\u00bb.vc_custom_1688736740486{padding-top: 10px !important;padding-bottom: 20px !important;}\u00a0\u00bb][vc_column][vc_single_image image=\u00a0\u00bb2162&Prime; img_size=\u00a0\u00bbfull\u00a0\u00bb alignment=\u00a0\u00bbcenter\u00a0\u00bb][\/vc_column][\/vc_row][vc_row][vc_column][vc_empty_space height=\u00a0\u00bb60px\u00a0\u00bb][\/vc_column][\/vc_row][vc_row full_width=\u00a0\u00bbstretch_row_content_no_spaces\u00a0\u00bb][vc_column]\n        <div class=\"wpb-textsideimage\" style=\"background-color:\">\n          <div class=\"stretchy-left\"> \n            <div class=\"bg\" style=\"background-image:url(https:\/\/www.biosyent.com\/wp-content\/uploads\/2023\/07\/biosyent_philosophy.webp)\"><\/div>\n            <div class=\"container\">\n               <div class=\"col-12\"><\/p>\n<h4>Notre philosophie d\u2019entreprise?<\/h4>\n<p>Notre philosophie d\u2019entreprise est fermement ancr\u00e9e dans notre engagement \u00e0 servir les patients et les professionnels de la sant\u00e9. Nous comprenons l\u2019impact que notre travail peut avoir sur les personnes et leur bien-\u00eatre, c\u2019est pourquoi nous l\u2019abordons avec compassion et un sens des responsabilit\u00e9s. Notre approche fond\u00e9e sur les donn\u00e9es nous permet de d\u00e9nicher des informations qui fa\u00e7onnent nos strat\u00e9gies afin de garantir que nos produits et services r\u00e9pondent aux besoins de ceux qui en d\u00e9pendent. Nous sommes d\u2019avis que le v\u00e9ritable succ\u00e8s r\u00e9side dans la mise en \u0153uvre efficace de nos plans.<\/div>\n            <\/div>\n          <\/div>\n        <\/div>[\/vc_column][\/vc_row][vc_row][vc_column][vc_empty_space height=\u00a0\u00bb100px\u00a0\u00bb][\/vc_column][\/vc_row][vc_row full_width=\u00a0\u00bbstretch_row\u00a0\u00bb css_animation=\u00a0\u00bbnone\u00a0\u00bb css=\u00a0\u00bb.vc_custom_1690987986596{background-color: #f2f5f7 !important;}\u00a0\u00bb][vc_column css_animation=\u00a0\u00bbfadeInLeftBig\u00a0\u00bb css=\u00a0\u00bb.vc_custom_1690987977960{padding-top: 60px !important;padding-right: 60px !important;padding-bottom: 30px !important;padding-left: 60px !important;}\u00a0\u00bb][vc_column_text]<\/p>\n<h4>Direction<\/h4>\n<p>[\/vc_column_text]<div class=\"wpb_theteam\"><div class=\"member\"><div class=\"picture\" style=\"background-image:url(https:\/\/www.biosyent.com\/wp-content\/uploads\/2023\/07\/rene.webp)\"><\/div><div class=\"name\">Ren\u00e9 C. Goehrum<\/div><div class=\"text\">pr\u00e9sident et chef de la direction<\/div><\/div><div class=\"member\"><div class=\"picture\" style=\"background-image:url(https:\/\/www.biosyent.com\/wp-content\/uploads\/2023\/07\/robert.webp)\"><\/div><div class=\"name\">Robert J. March<\/div><div class=\"text\">vice-pr\u00e9sident et directeur financier<\/div><\/div><div class=\"member\"><div class=\"picture\" style=\"background-image:url(https:\/\/www.biosyent.com\/wp-content\/uploads\/2024\/10\/marnie_biosyent2.jpg)\"><\/div><div class=\"name\">Marnie McCormick<\/div><div class=\"text\">Vice President & General Manager<\/div><\/div><div class=\"member\"><div class=\"picture\" style=\"background-image:url(https:\/\/www.biosyent.com\/wp-content\/uploads\/2022\/08\/member.png)\"><\/div><div class=\"name\">Joost van der Mark<\/div><div class=\"text\">vice-pr\u00e9sident, D\u00e9veloppement d\u2019entreprise<\/div><\/div><div class=\"member\"><div class=\"picture\" style=\"background-image:url(https:\/\/www.biosyent.com\/wp-content\/uploads\/2023\/07\/kevin.webp)\"><\/div><div class=\"name\">Kevin Wilson<\/div><div class=\"text\">Vice President, Sales<\/div><\/div><div class=\"member\"><div class=\"picture\" style=\"background-image:url(https:\/\/www.biosyent.com\/wp-content\/uploads\/2023\/07\/navid.webp)\"><\/div><div class=\"name\">Navid Ashrafi, M.D.<\/div><div class=\"text\">directeur, Affaires m\u00e9dicales et r\u00e9glementaires<\/div><\/div><div class=\"member\"><div class=\"picture\" style=\"background-image:url(https:\/\/www.biosyent.com\/wp-content\/uploads\/2022\/08\/neelu.webp)\"><\/div><div class=\"name\">Neelu Atwal<\/div><div class=\"text\">Ressources humaines<\/div><\/div><div class=\"member\"><div class=\"picture\" style=\"background-image:url(https:\/\/www.biosyent.com\/wp-content\/uploads\/2022\/08\/ramesh.webp)\"><\/div><div class=\"name\">Ramesh Moothan<\/div><div class=\"text\">Division internationale<\/div><\/div><div class=\"member\"><div class=\"picture\" style=\"background-image:url(https:\/\/www.biosyent.com\/wp-content\/uploads\/2023\/07\/sharan.webp)\"><\/div><div class=\"name\">Sharan Raghubir<\/div><div class=\"text\">Director, Specialty Sales<\/div><\/div><div><\/div><div><\/div><div><\/div><\/div>[vc_column_text]<a href=\"https:\/\/www.biosyent.com\/fr\/a-propos\/direction\/\">Renseignements complets sur les dirigeants<\/a>[\/vc_column_text][\/vc_column][\/vc_row][vc_row full_width=\u00a0\u00bbstretch_row\u00a0\u00bb][vc_column css_animation=\u00a0\u00bbfadeInLeftBig\u00a0\u00bb css=\u00a0\u00bb.vc_custom_1690987994943{padding-top: 60px !important;padding-right: 60px !important;padding-bottom: 30px !important;padding-left: 60px !important;}\u00a0\u00bb][vc_column_text]<\/p>\n<h4>Conseil d\u2019administration<\/h4>\n<p>[\/vc_column_text]<div class=\"wpb_theteam\"><div class=\"member\"><div class=\"picture\" style=\"background-image:url(https:\/\/www.biosyent.com\/wp-content\/uploads\/2025\/05\/PG2.jpg)\"><\/div><div class=\"name\">Prakash Gowd<\/div><div class=\"text\">administrateur ind\u00e9pendant (comit\u00e9 d\u2019audit, comit\u00e9 de divulgation)<\/div><\/div><div class=\"member\"><div class=\"picture\" style=\"background-image:url(https:\/\/www.biosyent.com\/wp-content\/uploads\/2023\/07\/joseph.webp)\"><\/div><div class=\"name\">Joseph Arcuri<\/div><div class=\"text\">administrateur ind\u00e9pendant (comit\u00e9 d\u2019audit [pr\u00e9sident], comit\u00e9 de divulgation [pr\u00e9sident])<\/div><\/div><div class=\"member\"><div class=\"picture\" style=\"background-image:url(https:\/\/www.biosyent.com\/wp-content\/uploads\/2023\/07\/sara.webp)\"><\/div><div class=\"name\">Sara Elford<\/div><div class=\"text\">administratrice ind\u00e9pendante (comit\u00e9 d\u2019audit, comit\u00e9 de divulgation, comit\u00e9 de nomination [pr\u00e9sidente])<\/div><\/div><div class=\"member\"><div class=\"picture\" style=\"background-image:url(https:\/\/www.biosyent.com\/wp-content\/uploads\/2023\/07\/rene.webp)\"><\/div><div class=\"name\">Ren\u00e9 C. Goehrum<\/div><div class=\"text\">pr\u00e9sident du conseil d\u2019administration<\/div><\/div><div class=\"member\"><div class=\"picture\" style=\"background-image:url(https:\/\/www.biosyent.com\/wp-content\/uploads\/2023\/07\/peter.webp)\"><\/div><div class=\"name\">Peter Lockhard<\/div><div class=\"text\">administrateur ind\u00e9pendant (administrateur principal, comit\u00e9 de r\u00e9mun\u00e9ration et des ressources humaines)<\/div><\/div><div class=\"member\"><div class=\"picture\" style=\"background-image:url(https:\/\/www.biosyent.com\/wp-content\/uploads\/2023\/07\/steve.webp)\"><\/div><div class=\"name\">Stephen Wilton<\/div><div class=\"text\">Independent Director (Compensation and Human Resources Committee)<\/div><\/div><div><\/div><div><\/div><div><\/div><div><\/div><div><\/div><div><\/div><\/div>[vc_column_text]<a href=\"https:\/\/www.biosyent.com\/fr\/a-propos\/conseil-dadministration\/\">Renseignements complets sur les membres du conseil d\u2019administration<\/a>[\/vc_column_text][\/vc_column][\/vc_row][vc_row full_width=\u00a0\u00bbstretch_row_content_no_spaces\u00a0\u00bb disable_element=\u00a0\u00bbyes\u00a0\u00bb][vc_column]\n        <div class=\"wpb-textsideimage\" style=\"background-color:#f3f9eb\">\n          <div class=\"stretchy-left\"> \n            <div class=\"bg\" style=\"background-image:url(https:\/\/www.biosyent.com\/wp-content\/uploads\/2022\/08\/about04.png)\"><\/div>\n            <div class=\"container\">\n               <div class=\"col-12\"><\/p>\n<h4>L&rsquo;histoire<\/h4>\n<p>Lorem ipsum dolor sit amet, consectetur adipiscing elit, sed do eiusmod tempor incididunt ut labore et dolore magna aliqua. Ut enim ad minim veniam, quis nostrud exercitation ullamco laboris nisi ut aliquip ex ea commodo consequat. Duis aute irure dolor in reprehenderit in voluptate velit esse cillum dolore eu fugiat nulla pariatur.<\/p>\n<p><a href=\"#\">Poursuivre la lecture<\/a><\/div>\n            <\/div>\n          <\/div>\n        <\/div>[\/vc_column][\/vc_row][vc_row][vc_column][vc_empty_space height=\u00a0\u00bb100px\u00a0\u00bb][\/vc_column][\/vc_row]<\/p>\n<\/div>","protected":false},"excerpt":{"rendered":"<p>[vc_row full_width=\u00a0\u00bbstretch_row_content_no_spaces\u00a0\u00bb][vc_column][\/vc_column][\/vc_row][vc_row gap=\u00a0\u00bb20&Prime; css=\u00a0\u00bb.vc_custom_1688736782031{margin-bottom: 0px !important;padding-bottom: 0px !important;}\u00a0\u00bb][vc_column width=\u00a0\u00bb2\/3&Prime; css=\u00a0\u00bb.vc_custom_1688736778860{margin-top: 0px !important;margin-bottom: 0px !important;padding-top: 0px !important;padding-bottom: 0px !important;}\u00a0\u00bb][vc_column_text] \u00c0 propos de BioSyent Inscrite \u00e0 la Bourse de croissance TSX (TSXV : RX), BioSyent est une soci\u00e9t\u00e9 pharmaceutique sp\u00e9cialis\u00e9e, rentable, orient\u00e9e vers la croissanceet ax\u00e9e sur l\u2019obtention de licences ou l\u2019acquisition de produits pharmaceutiques innovants qui &hellip;<\/p>\n","protected":false},"author":1,"featured_media":0,"parent":1921,"menu_order":8,"comment_status":"closed","ping_status":"closed","template":"","meta":{"_acf_changed":false,"footnotes":""},"class_list":["post-1922","page","type-page","status-publish","hentry"],"acf":[],"_links":{"self":[{"href":"https:\/\/www.biosyent.com\/fr\/wp-json\/wp\/v2\/pages\/1922","targetHints":{"allow":["GET"]}}],"collection":[{"href":"https:\/\/www.biosyent.com\/fr\/wp-json\/wp\/v2\/pages"}],"about":[{"href":"https:\/\/www.biosyent.com\/fr\/wp-json\/wp\/v2\/types\/page"}],"author":[{"embeddable":true,"href":"https:\/\/www.biosyent.com\/fr\/wp-json\/wp\/v2\/users\/1"}],"replies":[{"embeddable":true,"href":"https:\/\/www.biosyent.com\/fr\/wp-json\/wp\/v2\/comments?post=1922"}],"version-history":[{"count":24,"href":"https:\/\/www.biosyent.com\/fr\/wp-json\/wp\/v2\/pages\/1922\/revisions"}],"predecessor-version":[{"id":2432,"href":"https:\/\/www.biosyent.com\/fr\/wp-json\/wp\/v2\/pages\/1922\/revisions\/2432"}],"up":[{"embeddable":true,"href":"https:\/\/www.biosyent.com\/fr\/wp-json\/wp\/v2\/pages\/1921"}],"wp:attachment":[{"href":"https:\/\/www.biosyent.com\/fr\/wp-json\/wp\/v2\/media?parent=1922"}],"curies":[{"name":"wp","href":"https:\/\/api.w.org\/{rel}","templated":true}]}}